{"id":996,"date":"2014-03-19T15:23:11","date_gmt":"2014-03-19T15:23:11","guid":{"rendered":"http:\/\/arsad.paginaswebbarcelona.es\/ca\/?page_id=996"},"modified":"2023-07-11T15:00:22","modified_gmt":"2023-07-11T15:00:22","slug":"arsad-2","status":"publish","type":"page","link":"https:\/\/www.arsad.es\/ca\/","title":{"rendered":"ARSAD"},"content":{"rendered":"<section class=\"wpb-content-wrapper\"><p>[vc_row css=&#8221;.vc_custom_1625148440861{background-color: #ffffff !important;}&#8221; anchor=&#8221;informacio&#8221; el_class=&#8221;marg-top&#8221;][vc_column][vc_column_text el_class=&#8221;informacion&#8221;]<\/p>\n<h2>Principals objectius de la nostra associaci\u00f3 de resid\u00e8ncies a Castelldefels<\/h2>\n<p>[\/vc_column_text][\/vc_column][\/vc_row][vc_row css=&#8221;.vc_custom_1475166306662{margin-bottom: 30px !important;}&#8221; el_class=&#8221;iconos-first&#8221;][vc_column width=&#8221;1\/3&#8243;]<div id=\"ultib3-324265296569d9ccef3fde2\" class=\" ultb3-box ult-adjust-bottom-margin  \" style=\"background-color: #ffffff;\"><img src=\"https:\/\/www.arsad.es\/wp-content\/uploads\/2014\/03\/1.jpg\" style=\"\" class=\"ultb3-img ultb3-img-top-left\" alt=\"null\"\/><div id=\"Info-banner-wrap5176\" class=\"ultb3-info ib3-info-left\" data-animation=\"\" data-animation-delay=\"03\"><div class=\"ultb3-desc ult-responsive\"  data-ultimate-target='#Info-banner-wrap5176 .ultb3-desc'  data-responsive-json-new='{\"font-size\":\"\",\"line-height\":\"\"}'  style=\"font-weight:normal;\">Facilitar recursos i serveis en benefici dels associats<\/div><\/div><\/div><style>\n\t\t\t\t\t#ultib3-324265296569d9ccef3fde2 {\n\t\t\t\t\t\tmin-height:60px;\n\t\t\t\t\t}\n\t\t\t\t\t#ultib3-324265296569d9ccef3fde2 img.ultb3-img {\n\t\t\t\t\t\theight: px;\n\t\t\t\t\t}\n\t\t\t\t\t#ultib3-324265296569d9ccef3fde2 .ultb3-btn {\n\t\t\t\t\t\tborder:2px solid #1e73be;border-radius:50px;color:#898989;\n\t\t\t\t\t}\n\t\t\t\t\t#ultib3-324265296569d9ccef3fde2 .ultb3-btn:hover {\n\t\t\t\t\t\tbackground:#1e73be;color:#ffffff;\n\t\t\t\t\t}\n\t\t\t\t<\/style>[\/vc_column][vc_column width=&#8221;1\/3&#8243;]<div id=\"ultib3-82058052569d9ccef4003b\" class=\" ultb3-box ult-adjust-bottom-margin  \" style=\"background-color: #ffffff;\"><img src=\"https:\/\/www.arsad.es\/wp-content\/uploads\/2014\/03\/2.jpg\" style=\"\" class=\"ultb3-img ultb3-img-top-left\" alt=\"null\"\/><div id=\"Info-banner-wrap7951\" class=\"ultb3-info ib3-info-left\" data-animation=\"\" data-animation-delay=\"03\"><div class=\"ultb3-desc ult-responsive\"  data-ultimate-target='#Info-banner-wrap7951 .ultb3-desc'  data-responsive-json-new='{\"font-size\":\"\",\"line-height\":\"\"}'  style=\"font-weight:normal;\">Promoure l'evoluci\u00f3 positiva del sector<\/div><\/div><\/div><style>\n\t\t\t\t\t#ultib3-82058052569d9ccef4003b {\n\t\t\t\t\t\tmin-height:60px;\n\t\t\t\t\t}\n\t\t\t\t\t#ultib3-82058052569d9ccef4003b img.ultb3-img {\n\t\t\t\t\t\theight: px;\n\t\t\t\t\t}\n\t\t\t\t\t#ultib3-82058052569d9ccef4003b .ultb3-btn {\n\t\t\t\t\t\tborder:2px solid #1e73be;border-radius:50px;color:#898989;\n\t\t\t\t\t}\n\t\t\t\t\t#ultib3-82058052569d9ccef4003b .ultb3-btn:hover {\n\t\t\t\t\t\tbackground:#1e73be;color:#ffffff;\n\t\t\t\t\t}\n\t\t\t\t<\/style>[\/vc_column][vc_column width=&#8221;1\/3&#8243;]<div id=\"ultib3-244493611569d9ccef4021d\" class=\" ultb3-box ult-adjust-bottom-margin  \" style=\"background-color: #ffffff;\"><img src=\"https:\/\/www.arsad.es\/wp-content\/uploads\/2014\/03\/3.jpg\" style=\"\" class=\"ultb3-img ultb3-img-top-left\" alt=\"null\"\/><div id=\"Info-banner-wrap3191\" class=\"ultb3-info ib3-info-left\" data-animation=\"\" data-animation-delay=\"03\"><div class=\"ultb3-desc ult-responsive\"  data-ultimate-target='#Info-banner-wrap3191 .ultb3-desc'  data-responsive-json-new='{\"font-size\":\"\",\"line-height\":\"\"}'  style=\"font-weight:normal;\">Col\u00b7laborar amb les entitats p\u00fabliques i privades<\/div><\/div><\/div><style>\n\t\t\t\t\t#ultib3-244493611569d9ccef4021d {\n\t\t\t\t\t\tmin-height:60px;\n\t\t\t\t\t}\n\t\t\t\t\t#ultib3-244493611569d9ccef4021d img.ultb3-img {\n\t\t\t\t\t\theight: px;\n\t\t\t\t\t}\n\t\t\t\t\t#ultib3-244493611569d9ccef4021d .ultb3-btn {\n\t\t\t\t\t\tborder:2px solid #1e73be;border-radius:50px;color:#898989;\n\t\t\t\t\t}\n\t\t\t\t\t#ultib3-244493611569d9ccef4021d .ultb3-btn:hover {\n\t\t\t\t\t\tbackground:#1e73be;color:#ffffff;\n\t\t\t\t\t}\n\t\t\t\t<\/style>[\/vc_column][\/vc_row][vc_row el_class=&#8221;iconos-second&#8221;][vc_column width=&#8221;1\/3&#8243;]<div id=\"ultib3-54609096969d9ccef4040a\" class=\" ultb3-box ult-adjust-bottom-margin  \" style=\"background-color: #ffffff;\"><img src=\"https:\/\/www.arsad.es\/wp-content\/uploads\/2014\/03\/4.jpg\" style=\"\" class=\"ultb3-img ultb3-img-top-left\" alt=\"null\"\/><div id=\"Info-banner-wrap4788\" class=\"ultb3-info ib3-info-left\" data-animation=\"\" data-animation-delay=\"03\"><div class=\"ultb3-desc ult-responsive\"  data-ultimate-target='#Info-banner-wrap4788 .ultb3-desc'  data-responsive-json-new='{\"font-size\":\"\",\"line-height\":\"\"}'  style=\"font-weight:normal;\">Donar suport als seus associats en l'assoliment d'una alta qualitat de serveis<\/div><\/div><\/div><style>\n\t\t\t\t\t#ultib3-54609096969d9ccef4040a {\n\t\t\t\t\t\tmin-height:60px;\n\t\t\t\t\t}\n\t\t\t\t\t#ultib3-54609096969d9ccef4040a img.ultb3-img {\n\t\t\t\t\t\theight: px;\n\t\t\t\t\t}\n\t\t\t\t\t#ultib3-54609096969d9ccef4040a .ultb3-btn {\n\t\t\t\t\t\tborder:2px solid #1e73be;border-radius:50px;color:#898989;\n\t\t\t\t\t}\n\t\t\t\t\t#ultib3-54609096969d9ccef4040a .ultb3-btn:hover {\n\t\t\t\t\t\tbackground:#1e73be;color:#ffffff;\n\t\t\t\t\t}\n\t\t\t\t<\/style>[\/vc_column][vc_column width=&#8221;1\/3&#8243;]<div id=\"ultib3-133705848569d9ccef405a8\" class=\" ultb3-box ult-adjust-bottom-margin  \" style=\"background-color: #ffffff;\"><img src=\"https:\/\/www.arsad.es\/wp-content\/uploads\/2014\/03\/5.jpg\" style=\"\" class=\"ultb3-img ultb3-img-top-left\" alt=\"null\"\/><div id=\"Info-banner-wrap4710\" class=\"ultb3-info ib3-info-left\" data-animation=\"\" data-animation-delay=\"03\"><div class=\"ultb3-desc ult-responsive\"  data-ultimate-target='#Info-banner-wrap4710 .ultb3-desc'  data-responsive-json-new='{\"font-size\":\"\",\"line-height\":\"\"}'  style=\"font-weight:normal;\">Defensar els interessos leg\u00edtims dels associats davant de tercers<\/div><\/div><\/div><style>\n\t\t\t\t\t#ultib3-133705848569d9ccef405a8 {\n\t\t\t\t\t\tmin-height:60px;\n\t\t\t\t\t}\n\t\t\t\t\t#ultib3-133705848569d9ccef405a8 img.ultb3-img {\n\t\t\t\t\t\theight: px;\n\t\t\t\t\t}\n\t\t\t\t\t#ultib3-133705848569d9ccef405a8 .ultb3-btn {\n\t\t\t\t\t\tborder:2px solid #1e73be;border-radius:50px;color:#898989;\n\t\t\t\t\t}\n\t\t\t\t\t#ultib3-133705848569d9ccef405a8 .ultb3-btn:hover {\n\t\t\t\t\t\tbackground:#1e73be;color:#ffffff;\n\t\t\t\t\t}\n\t\t\t\t<\/style>[\/vc_column][vc_column width=&#8221;1\/3&#8243;]<div id=\"ultib3-170180378169d9ccef40724\" class=\" ultb3-box ult-adjust-bottom-margin  \" style=\"background-color: #ffffff;\"><img src=\"https:\/\/www.arsad.es\/wp-content\/uploads\/2014\/03\/6.jpg\" style=\"\" class=\"ultb3-img ultb3-img-top-left\" alt=\"null\"\/><div id=\"Info-banner-wrap3509\" class=\"ultb3-info ib3-info-left\" data-animation=\"\" data-animation-delay=\"03\"><div class=\"ultb3-desc ult-responsive\"  data-ultimate-target='#Info-banner-wrap3509 .ultb3-desc'  data-responsive-json-new='{\"font-size\":\"\",\"line-height\":\"\"}'  style=\"font-weight:normal;\">Fomentar la vida associativa en l'\u00e0mbit del benestar social<\/div><\/div><\/div><style>\n\t\t\t\t\t#ultib3-170180378169d9ccef40724 {\n\t\t\t\t\t\tmin-height:60px;\n\t\t\t\t\t}\n\t\t\t\t\t#ultib3-170180378169d9ccef40724 img.ultb3-img {\n\t\t\t\t\t\theight: px;\n\t\t\t\t\t}\n\t\t\t\t\t#ultib3-170180378169d9ccef40724 .ultb3-btn {\n\t\t\t\t\t\tborder:2px solid #1e73be;border-radius:50px;color:#898989;\n\t\t\t\t\t}\n\t\t\t\t\t#ultib3-170180378169d9ccef40724 .ultb3-btn:hover {\n\t\t\t\t\t\tbackground:#1e73be;color:#ffffff;\n\t\t\t\t\t}\n\t\t\t\t<\/style>[\/vc_column][\/vc_row][vc_row margin_bottom=&#8221;60px&#8221; el_class=&#8221;servicios&#8221; css=&#8221;.vc_custom_1470914962331{margin-bottom: 40px !important;}&#8221;][vc_column width=&#8221;1\/4&#8243;][vc_column_text]Procurar que els associats compleixin amb les lleis generals i especials que afecten directament en el desenvolupament del seu servei[\/vc_column_text][\/vc_column][vc_column width=&#8221;1\/4&#8243;][vc_column_text]Facilitar recursos assistencials a aquelles persones que necessiten ajuda per la seva depend\u00e8ncia[\/vc_column_text][\/vc_column][vc_column width=&#8221;1\/4&#8243;][vc_column_text]Assessorament professional de tot tipus, competent en el sector que ens determina[\/vc_column_text][\/vc_column][vc_column width=&#8221;1\/4&#8243; el_class=&#8221;last-service&#8221;][vc_column_text]Donar a con\u00e8ixer un model profesional d&#8217;assist\u00e8ncia geri\u00e0trica i gerontol\u00f2gica[\/vc_column_text][\/vc_column][\/vc_row][vc_row type=&#8221;2&#8243; padding_top=&#8221;60&#8243; bg_color=&#8221;#f9f9f9&#8243; bg_repeat=&#8221;repeat&#8221; min_height=&#8221;0&#8243; css=&#8221;.vc_custom_1477581073666{background-color: #f9f9f9 !important;}&#8221;][vc_column el_class=&#8221;info-center&#8221;][vc_column_text]<\/p>\n<h3>ARSAD<\/h3>\n<p>Les exig\u00e8ncies en tots els camps cada vegada s\u00f3n m\u00e9s dif\u00edcils de pal\u00b7liar (personal, prove\u00efdors, acreditaci\u00f3, sistemes de gesti\u00f3 de la qualitat, etc.) i \u00e9s important que entre tots puguem establir aliances que ens permetin fer front.<\/p>\n<p>A partir de l&#8217;any 2007 van comen\u00e7ar una s\u00e8rie de trobades amb l&#8217;objectiu de discutir temes relacionats amb la nostra tasca i vam arribar a la conclusi\u00f3 que existia una necessitat de consolidar aquestes reunions.<\/p>\n<p>El nostre sector viu una nova etapa a causa de la posada en marxa de la Llei de la Depend\u00e8ncia. Ara \u00e9s important unir esfor\u00e7os i estrat\u00e8gies que ens ajudaran a adaptar-nos a aquesta nova situaci\u00f3.<\/p>\n<p>ARSAD \u00e9s un espai on compartim experi\u00e8ncies i establim estrat\u00e8gies que ens permetr\u00e0 millorar la qualitat dels nostres serveis.<\/p>\n<p>Gr\u00e0cies al suport de l&#8217;administraci\u00f3 local i diverses entitats socials i econ\u00f2miques, hem pres la decisi\u00f3 de crear ARSAD amb l&#8217;objectiu de donar contingut i sentit a les nostres reflexions, donar-nos a con\u00e8ixer i formar part del teixit associatiu i econ\u00f2mic de Castelldefels.<\/p>\n<p>ARSAD \u00e9s una associaci\u00f3 sense \u00e0nim de lucre en la qual s&#8217;aglutinen totes aquelles entitats que desenvolupen serveis i\/o recursos amb un objectiu com\u00fa: millorar la qualitat de vida a les persones amb depend\u00e8ncia.[\/vc_column_text][\/vc_column][\/vc_row][vc_row type=&#8221;2&#8243; margin_top=&#8221;0&#8243; padding_top=&#8221;20&#8243; padding_bottom=&#8221;40&#8243; bg_color=&#8221;#f9f9f9&#8243; css=&#8221;.vc_custom_1477581176735{background-color: #f9f9f9 !important;}&#8221;][vc_column width=&#8221;1\/3&#8243;][vc_single_image image=&#8221;1108&#8243; img_size=&#8221;full&#8221; alignment=&#8221;center&#8221; style=&#8221;vc_box_shadow&#8221; image_hovers=&#8221;false&#8221;][\/vc_column][vc_column width=&#8221;1\/3&#8243;][vc_single_image image=&#8221;1104&#8243; img_size=&#8221;full&#8221; alignment=&#8221;center&#8221; style=&#8221;vc_box_shadow&#8221; image_hovers=&#8221;false&#8221;][\/vc_column][vc_column width=&#8221;1\/3&#8243;][vc_single_image image=&#8221;1106&#8243; img_size=&#8221;full&#8221; alignment=&#8221;center&#8221; style=&#8221;vc_box_shadow&#8221; image_hovers=&#8221;false&#8221;][\/vc_column][\/vc_row][vc_row type=&#8221;vc_default&#8221; full_width=&#8221;stretch_row&#8221; css=&#8221;.vc_custom_1648142143437{padding-top: 20px !important;padding-bottom: 60px !important;background-image: url(https:\/\/www.arsad.es\/wp-content\/uploads\/2022\/03\/25372.jpg?id=1459) !important;background-position: center !important;background-repeat: no-repeat !important;background-size: cover !important;}&#8221; el_class=&#8221;formulario&#8221;][vc_column width=&#8221;1\/4&#8243;][\/vc_column][vc_column width=&#8221;1\/2&#8243;][vc_column_text el_class=&#8221;residencias&#8221;]<\/p>\n<h4>Contacta amb ARSAD<\/h4>\n<p>[\/vc_column_text]\n<div class=\"wpcf7 no-js\" id=\"wpcf7-f1462-o1\" lang=\"es-ES\" dir=\"ltr\">\n<div class=\"screen-reader-response\"><p role=\"status\" aria-live=\"polite\" aria-atomic=\"true\"><\/p> <ul><\/ul><\/div>\n<form action=\"\/ca\/wp-json\/wp\/v2\/pages\/996#wpcf7-f1462-o1\" method=\"post\" class=\"wpcf7-form init\" aria-label=\"Formulario de contacto\" novalidate=\"novalidate\" data-status=\"init\">\n<div style=\"display: none;\">\n<input type=\"hidden\" name=\"_wpcf7\" value=\"1462\" \/>\n<input type=\"hidden\" name=\"_wpcf7_version\" value=\"5.7.7\" \/>\n<input type=\"hidden\" name=\"_wpcf7_locale\" value=\"es_ES\" \/>\n<input type=\"hidden\" name=\"_wpcf7_unit_tag\" value=\"wpcf7-f1462-o1\" \/>\n<input type=\"hidden\" name=\"_wpcf7_container_post\" value=\"0\" \/>\n<input type=\"hidden\" name=\"_wpcf7_posted_data_hash\" value=\"\" \/>\n<input type=\"hidden\" name=\"_wpcf7_recaptcha_response\" value=\"\" \/>\n<\/div>\n<div class=\"vc_col-sm-12\">\n\t<p><span class=\"wpcf7-form-control-wrap\" data-name=\"your-name\"><input size=\"40\" class=\"wpcf7-form-control wpcf7-text wpcf7-validates-as-required\" aria-required=\"true\" aria-invalid=\"false\" placeholder=\"Nom\" value=\"\" type=\"text\" name=\"your-name\" \/><\/span>\n\t<\/p>\n<\/div>\n<div class=\"vc_col-sm-6\">\n\t<p><span class=\"wpcf7-form-control-wrap\" data-name=\"your-phone\"><input size=\"40\" class=\"wpcf7-form-control wpcf7-text wpcf7-tel wpcf7-validates-as-required wpcf7-validates-as-tel\" aria-required=\"true\" aria-invalid=\"false\" placeholder=\"Tel\u00e8fono\" value=\"\" type=\"tel\" name=\"your-phone\" \/><\/span>\n\t<\/p>\n<\/div>\n<div class=\"vc_col-sm-6\">\n\t<p><span class=\"wpcf7-form-control-wrap\" data-name=\"your-email\"><input size=\"40\" class=\"wpcf7-form-control wpcf7-text wpcf7-email wpcf7-validates-as-required wpcf7-validates-as-email\" aria-required=\"true\" aria-invalid=\"false\" placeholder=\"E-mail\" value=\"\" type=\"email\" name=\"your-email\" \/><\/span>\n\t<\/p>\n<\/div>\n<div class=\"vc_col-sm-12\">\n\t<p><span class=\"wpcf7-form-control-wrap\" data-name=\"your-message\"><textarea cols=\"40\" rows=\"10\" class=\"wpcf7-form-control wpcf7-textarea\" aria-invalid=\"false\" placeholder=\"Qu\u00e8 est\u00e0s buscant?\" name=\"your-message\"><\/textarea><\/span>\n\t<\/p>\n<\/div>\n<div class=\"vc_col-sm-12\">\n\t<p><span class=\"wpcf7-form-control-wrap\" data-name=\"acceptance-893\"><span class=\"wpcf7-form-control wpcf7-acceptance\"><span class=\"wpcf7-list-item\"><input type=\"checkbox\" name=\"acceptance-893\" value=\"1\" aria-invalid=\"false\" \/><\/span><\/span><\/span> He llegit i accepto la <a href=\"\/ca\/politica-de-privacidad\/\" target=\"_blank\">Pol\u00edtica de Privacitat<\/a>\n\t<\/p>\n<\/div>\n<div class=\"vc_col-sm-12\">\n\t<p><input class=\"wpcf7-form-control has-spinner wpcf7-submit\" type=\"submit\" value=\"ENVIAR\" \/>\n\t<\/p>\n<\/div><div class=\"wpcf7-response-output\" aria-hidden=\"true\"><\/div>\n<\/form>\n<\/div>\n[\/vc_column][vc_column width=&#8221;1\/4&#8243;][\/vc_column][\/vc_row][vc_row margin_bottom=&#8221;20px&#8221; anchor=&#8221;residencies&#8221; css=&#8221;.vc_custom_1479830461657{margin-bottom: 60px !important;}&#8221;][vc_column css=&#8221;.vc_custom_1689087620956{margin-top: 60px !important;padding-top: 0px !important;}&#8221;][vc_single_image image=&#8221;672&#8243; img_size=&#8221;full&#8221; alignment=&#8221;center&#8221; image_hovers=&#8221;false&#8221;][vc_column_text el_class=&#8221;residencias&#8221;]<\/p>\n<h4>Troba la teva resid\u00e8ncia m\u00e9s propera a Castelldefels<\/h4>\n<p>Despla\u00e7a&#8217;t pel mapa i fes clic en algun marcador de localitzaci\u00f3[\/vc_column_text][\/vc_column][\/vc_row][vc_row type=&#8221;1&#8243; margin_bottom=&#8221;0px&#8221; full_width_row=&#8221;true&#8221; bg_repeat=&#8221;repeat&#8221; css=&#8221;.vc_custom_1477581307496{margin-bottom: 0px !important;}&#8221;][vc_column][vc_column_text css=&#8221;.vc_custom_1479747107459{margin-bottom: 0px !important;}&#8221;]\t\t<div id=\"maps-marker-pro-1a49deb5\" class=\"maps-marker-pro\" style=\"width: 100%;\">\r\n\t\t\t<div id=\"mmp-map-wrap-1a49deb5\" class=\"mmp-map-wrap\">\r\n\t\t\t\t\t\t\t\t\t<div id=\"mmp-panel-1a49deb5\" class=\"mmp-panel\"><\/div>\r\n\t\t\t\t\t\t\t\t<div id=\"mmp-map-1a49deb5\" class=\"mmp-map\" style=\"height: 600px;\"><\/div>\r\n\t\t\t\t\t\t\t<\/div>\r\n\t\t\t\t\t<\/div>\r\n\t\t[\/vc_column_text][\/vc_column][\/vc_row]<\/p>\n<\/section>","protected":false},"excerpt":{"rendered":"<p>[vc_row css=&#8221;.vc_custom_1625148440861{background-color: #ffffff !important;}&#8221; anchor=&#8221;informacio&#8221; el_class=&#8221;marg-top&#8221;][vc_column][vc_column_text el_class=&#8221;informacion&#8221;] Principals objectius de la nostra associaci\u00f3 de resid\u00e8ncies a Castelldefels [\/vc_column_text][\/vc_column][\/vc_row][vc_row css=&#8221;.vc_custom_1475166306662{margin-bottom: 30px !important;}&#8221; el_class=&#8221;iconos-first&#8221;][vc_column width=&#8221;1\/3&#8243;][\/vc_column][vc_column width=&#8221;1\/3&#8243;][\/vc_column][vc_column width=&#8221;1\/3&#8243;][\/vc_column][\/vc_row][vc_row el_class=&#8221;iconos-second&#8221;][vc_column width=&#8221;1\/3&#8243;][\/vc_column][vc_column width=&#8221;1\/3&#8243;][\/vc_column][vc_column width=&#8221;1\/3&#8243;][\/vc_column][\/vc_row][vc_row margin_bottom=&#8221;60px&#8221; el_class=&#8221;servicios&#8221; css=&#8221;.vc_custom_1470914962331{margin-bottom: 40px !important;}&#8221;][vc_column width=&#8221;1\/4&#8243;][vc_column_text]Procurar que els associats compleixin amb les lleis generals i especials que afecten directament en el desenvolupament del seu servei[\/vc_column_text][\/vc_column][vc_column width=&#8221;1\/4&#8243;][vc_column_text]Facilitar&hellip;<\/p>\n","protected":false},"author":1,"featured_media":0,"parent":0,"menu_order":1,"comment_status":"closed","ping_status":"closed","template":"template-microsite.php","meta":[],"yoast_head":"<!-- This site is optimized with the Yoast SEO plugin v20.11 - https:\/\/yoast.com\/wordpress\/plugins\/seo\/ -->\n<title>ARSAD - Associaci\u00f3 de Resid\u00e8ncies i Serveis d&#039;Atenci\u00f3 a la Depend\u00e8ncia<\/title>\n<meta name=\"description\" content=\"Associaci\u00f3 de Resid\u00e8ncies i Serveis d&#039;Atenci\u00f3 a la Depend\u00e8ncia\" \/>\n<meta name=\"robots\" content=\"index, follow, max-snippet:-1, max-image-preview:large, max-video-preview:-1\" \/>\n<link rel=\"canonical\" href=\"https:\/\/www.arsad.es\/ca\/\" \/>\n<meta property=\"og:locale\" content=\"ca_ES\" \/>\n<meta property=\"og:type\" content=\"article\" \/>\n<meta property=\"og:title\" content=\"ARSAD - Associaci\u00f3 de Resid\u00e8ncies i Serveis d&#039;Atenci\u00f3 a la Depend\u00e8ncia\" \/>\n<meta property=\"og:description\" content=\"Associaci\u00f3 de Resid\u00e8ncies i Serveis d&#039;Atenci\u00f3 a la Depend\u00e8ncia\" \/>\n<meta property=\"og:url\" content=\"https:\/\/www.arsad.es\/ca\/\" \/>\n<meta property=\"og:site_name\" content=\"ARSAD\" \/>\n<meta property=\"article:modified_time\" content=\"2023-07-11T15:00:22+00:00\" \/>\n<meta name=\"twitter:card\" content=\"summary_large_image\" \/>\n<meta name=\"twitter:label1\" content=\"Temps estimat de lectura\" \/>\n\t<meta name=\"twitter:data1\" content=\"3 minuts\" \/>\n<script type=\"application\/ld+json\" class=\"yoast-schema-graph\">{\"@context\":\"https:\/\/schema.org\",\"@graph\":[{\"@type\":\"WebPage\",\"@id\":\"https:\/\/www.arsad.es\/ca\/\",\"url\":\"https:\/\/www.arsad.es\/ca\/\",\"name\":\"ARSAD - Associaci\u00f3 de Resid\u00e8ncies i Serveis d'Atenci\u00f3 a la Depend\u00e8ncia\",\"isPartOf\":{\"@id\":\"https:\/\/www.arsad.es\/ca\/#website\"},\"datePublished\":\"2014-03-19T15:23:11+00:00\",\"dateModified\":\"2023-07-11T15:00:22+00:00\",\"description\":\"Associaci\u00f3 de Resid\u00e8ncies i Serveis d'Atenci\u00f3 a la Depend\u00e8ncia\",\"breadcrumb\":{\"@id\":\"https:\/\/www.arsad.es\/ca\/#breadcrumb\"},\"inLanguage\":\"ca\",\"potentialAction\":[{\"@type\":\"ReadAction\",\"target\":[\"https:\/\/www.arsad.es\/ca\/\"]}]},{\"@type\":\"BreadcrumbList\",\"@id\":\"https:\/\/www.arsad.es\/ca\/#breadcrumb\",\"itemListElement\":[{\"@type\":\"ListItem\",\"position\":1,\"name\":\"Portada\",\"item\":\"https:\/\/www.arsad.es\/ca\/\"},{\"@type\":\"ListItem\",\"position\":2,\"name\":\"ARSAD\"}]},{\"@type\":\"WebSite\",\"@id\":\"https:\/\/www.arsad.es\/ca\/#website\",\"url\":\"https:\/\/www.arsad.es\/ca\/\",\"name\":\"ARSAD\",\"description\":\"Asociaci\u00f3n de Residencias y Servicios de Atenci\u00f3n a la Dependencia\",\"potentialAction\":[{\"@type\":\"SearchAction\",\"target\":{\"@type\":\"EntryPoint\",\"urlTemplate\":\"https:\/\/www.arsad.es\/ca\/?s={search_term_string}\"},\"query-input\":\"required name=search_term_string\"}],\"inLanguage\":\"ca\"}]}<\/script>\n<!-- \/ Yoast SEO plugin. -->","yoast_head_json":{"title":"ARSAD - Associaci\u00f3 de Resid\u00e8ncies i Serveis d'Atenci\u00f3 a la Depend\u00e8ncia","description":"Associaci\u00f3 de Resid\u00e8ncies i Serveis d'Atenci\u00f3 a la Depend\u00e8ncia","robots":{"index":"index","follow":"follow","max-snippet":"max-snippet:-1","max-image-preview":"max-image-preview:large","max-video-preview":"max-video-preview:-1"},"canonical":"https:\/\/www.arsad.es\/ca\/","og_locale":"ca_ES","og_type":"article","og_title":"ARSAD - Associaci\u00f3 de Resid\u00e8ncies i Serveis d'Atenci\u00f3 a la Depend\u00e8ncia","og_description":"Associaci\u00f3 de Resid\u00e8ncies i Serveis d'Atenci\u00f3 a la Depend\u00e8ncia","og_url":"https:\/\/www.arsad.es\/ca\/","og_site_name":"ARSAD","article_modified_time":"2023-07-11T15:00:22+00:00","twitter_card":"summary_large_image","twitter_misc":{"Temps estimat de lectura":"3 minuts"},"schema":{"@context":"https:\/\/schema.org","@graph":[{"@type":"WebPage","@id":"https:\/\/www.arsad.es\/ca\/","url":"https:\/\/www.arsad.es\/ca\/","name":"ARSAD - Associaci\u00f3 de Resid\u00e8ncies i Serveis d'Atenci\u00f3 a la Depend\u00e8ncia","isPartOf":{"@id":"https:\/\/www.arsad.es\/ca\/#website"},"datePublished":"2014-03-19T15:23:11+00:00","dateModified":"2023-07-11T15:00:22+00:00","description":"Associaci\u00f3 de Resid\u00e8ncies i Serveis d'Atenci\u00f3 a la Depend\u00e8ncia","breadcrumb":{"@id":"https:\/\/www.arsad.es\/ca\/#breadcrumb"},"inLanguage":"ca","potentialAction":[{"@type":"ReadAction","target":["https:\/\/www.arsad.es\/ca\/"]}]},{"@type":"BreadcrumbList","@id":"https:\/\/www.arsad.es\/ca\/#breadcrumb","itemListElement":[{"@type":"ListItem","position":1,"name":"Portada","item":"https:\/\/www.arsad.es\/ca\/"},{"@type":"ListItem","position":2,"name":"ARSAD"}]},{"@type":"WebSite","@id":"https:\/\/www.arsad.es\/ca\/#website","url":"https:\/\/www.arsad.es\/ca\/","name":"ARSAD","description":"Asociaci\u00f3n de Residencias y Servicios de Atenci\u00f3n a la Dependencia","potentialAction":[{"@type":"SearchAction","target":{"@type":"EntryPoint","urlTemplate":"https:\/\/www.arsad.es\/ca\/?s={search_term_string}"},"query-input":"required name=search_term_string"}],"inLanguage":"ca"}]}},"_links":{"self":[{"href":"https:\/\/www.arsad.es\/ca\/wp-json\/wp\/v2\/pages\/996"}],"collection":[{"href":"https:\/\/www.arsad.es\/ca\/wp-json\/wp\/v2\/pages"}],"about":[{"href":"https:\/\/www.arsad.es\/ca\/wp-json\/wp\/v2\/types\/page"}],"author":[{"embeddable":true,"href":"https:\/\/www.arsad.es\/ca\/wp-json\/wp\/v2\/users\/1"}],"replies":[{"embeddable":true,"href":"https:\/\/www.arsad.es\/ca\/wp-json\/wp\/v2\/comments?post=996"}],"version-history":[{"count":15,"href":"https:\/\/www.arsad.es\/ca\/wp-json\/wp\/v2\/pages\/996\/revisions"}],"predecessor-version":[{"id":1500,"href":"https:\/\/www.arsad.es\/ca\/wp-json\/wp\/v2\/pages\/996\/revisions\/1500"}],"wp:attachment":[{"href":"https:\/\/www.arsad.es\/ca\/wp-json\/wp\/v2\/media?parent=996"}],"curies":[{"name":"wp","href":"https:\/\/api.w.org\/{rel}","templated":true}]}}