{"id":1285,"date":"2021-07-01T15:31:34","date_gmt":"2021-07-01T15:31:34","guid":{"rendered":"https:\/\/arsad.paginaswebbarcelona.es\/politica-de-cookies\/"},"modified":"2021-07-01T15:32:25","modified_gmt":"2021-07-01T15:32:25","slug":"politica-de-cookies","status":"publish","type":"page","link":"https:\/\/www.arsad.es\/ca\/politica-de-cookies\/","title":{"rendered":"Pol\u00edtica de Cookies"},"content":{"rendered":"<section class=\"wpb-content-wrapper\"><p>[vc_row][vc_column][vc_column_text]<strong>DEFINICION DE COOKIES<\/strong><br \/>\nLas cookies son unos peque\u00f1os ficheros de texto que se descargan y almacenan en los dispositivos de los usuarios cuando acceden a p\u00e1ginas Web. Estos ficheros pueden almacenar datos sobre la navegaci\u00f3n del usuario con objeto de personalizar la informaci\u00f3n que nos presentan las p\u00e1ginas Web. El uso de cookies es una t\u00e9cnica ampliamente utilizada en Internet para mejorar la prestaci\u00f3n del servicio Web y ofrecer al usuario una mejor experiencia de navegaci\u00f3n, as\u00ed como para guardar y recuperar sus preferencias, recopilar informaci\u00f3n estad\u00edstica sobre su navegaci\u00f3n,<br \/>\nsobre las p\u00e1ginas visitadas, la duraci\u00f3n de la visita, etc.<\/p>\n<p>&nbsp;<\/p>\n<p><strong>TIPOS DE COOKIES<\/strong><br \/>\nLas cookies se pueden clasificar en varias categor\u00edas en funci\u00f3n de sus caracter\u00edsticas, pudiendo estar incluidas en una o varias de ellas.<br \/>\n<u><br \/>\nEn funci\u00f3n de su origen:<\/u><br \/>\nPueden ser \u201cpropias\u201d o \u201cde terceros\u201d, dependiendo de la entidad que las gestione.<\/p>\n<p>En funci\u00f3n de su duraci\u00f3n: Pueden ser de \u201csesi\u00f3n\u201d que expiran al cerrar el navegador, y se utilizan principalmente para mantener activa la sesi\u00f3n de un usuario,o \u201cpersistentes\u201d que expiran al cumplir el objetivo para el que fueron dise\u00f1adas o cuando se borran manualmente.<br \/>\n<u><br \/>\nEn funci\u00f3n de su finalidad: Pueden ser:<\/u><br \/>\ni. \u201ct\u00e9cnicas o necesarias\u201d para permitir la utilizaci\u00f3n de diferentes servicios de la p\u00e1gina Web. Si el usuario deshabilita este tipo de cookies a trav\u00e9s de las preferencias de su navegador, no ser\u00e1 posible continuar con la navegaci\u00f3n.<\/p>\n<p>ii. \u201cfuncionales\u201d, tanto de \u201cpersonalizaci\u00f3n\u201d para ofrecer servicios personalizados en funci\u00f3n a unos criterios preestablecidos, como \u201canal\u00edticas\u201d, aquellas que bien tratadas por nosotros o por terceros (fundamentalmente a trav\u00e9s de Google Analitycs) permiten realizar un seguimiento del comportamiento de navegaci\u00f3n de los usuarios con car\u00e1cter estad\u00edstico y para la elaboraci\u00f3n de perfiles de navegaci\u00f3n, con el fin de introducir mejoras en funci\u00f3n del an\u00e1lisis de los datos de uso sobre la oferta de productos y\/o servicios. Si el usuario no acepta el uso de las cookies funcionales, este sitio Web seguir\u00e1 funcionando aunque puede perder parte de su funcionalidad.<\/p>\n<p>iii. \u201cpublicitarias\u201d para mostrar publicidad en funci\u00f3n de unos perfiles de usuario predeterminados, de \u201cpublicidad comportamental\u201d similar a la anterior pero teniendo en cuenta el comportamiento y los h\u00e1bitos de navegaci\u00f3n del usuario, etc. En general, son las cookies que permiten mostrar publicidad de forma personalizada al usuario, tanto dentro como fuera de nuestra p\u00e1gina web a lo largo de su navegaci\u00f3n.<\/p>\n<p>&nbsp;<\/p>\n<p><strong>USO DE COOKIES<\/strong><br \/>\nAl visitar nuestras p\u00e1ginas Web, recopilamos informaci\u00f3n est\u00e1ndar de Internet as\u00ed como detalles sobre patrones de comportamiento de los visitantes. Esta informaci\u00f3n no contiene en ning\u00fan caso datos de car\u00e1cter personal, ni se asocia con otra informaci\u00f3n que permita identificar al usuario. En caso de ser necesaria informaci\u00f3n personal le ser\u00eda solicitada de manera expl\u00edcita.<\/p>\n<p>La utilizaci\u00f3n de nuestras p\u00e1ginas Web implica por su parte que presta su consentimiento expreso e inequ\u00edvoco a la utilizaci\u00f3n de cookies, en los t\u00e9rminos y condiciones previstos en esta Pol\u00edtica de Cookies, sin perjuicio de las medidas de desactivaci\u00f3n y eliminaci\u00f3n de las cookies que pueda adoptar y que se mencionan en el apartado Control de Cookies.<\/p>\n<p>Es posible que la Pol\u00edtica de Cookies de nuestro sitio Web pueda cambiar, por ello le recomendamos revisar peri\u00f3dicamente nuestra informaci\u00f3n sobre Pol\u00edtica de Cookies para que pueda estar convenientemente informado.<\/p>\n<p>&nbsp;<\/p>\n<p><strong>CONTROL DE COOKIES<\/strong><br \/>\nAl navegar por nuestras p\u00e1ginas Web, el usuario puede enlazar con otros sitios Web donde tengamos presencia. Cuando el usuario selecciona esta opci\u00f3n ser\u00e1 dirigido a dicho sitio Web, y una vez abandonadas nuestras p\u00e1ginas no podemos responsabilizarnos del uso de cookies que realicen dichos sitios Web ajenos a esta Entidad.<\/p>\n<p>Usted puede consultar, borrar, limitar el uso, desactivar la utilizaci\u00f3n de cookies, o recibir una advertencia en el momento que van a ser generadas, mediante el men\u00fa de su navegador. Los pasos para realizarlo son diferentes dependiendo del navegador utilizado, y puede consultarlos en el men\u00fa de ayuda del propio navegador.<\/p>\n<p>El usuario debe tener en cuenta que algunas caracter\u00edsticas de los contenidos de las p\u00e1ginas web s\u00f3lo est\u00e1n disponibles si se permite la instalaci\u00f3n de cookies en su navegador. Si decide no aceptar o bloquear determinadas cookies, en funci\u00f3n de su finalidad puede que esto afecte total o parcialmente al funcionamiento normal de la p\u00e1gina, o que impida el acceso a algunos servicios de la misma.[\/vc_column_text][\/vc_column][\/vc_row]<\/p>\n<\/section>","protected":false},"excerpt":{"rendered":"<p>[vc_row][vc_column][vc_column_text]DEFINICION DE COOKIES Las cookies son unos peque\u00f1os ficheros de texto que se descargan y almacenan en los dispositivos de los usuarios cuando acceden a p\u00e1ginas Web. Estos ficheros pueden almacenar datos sobre la navegaci\u00f3n del usuario con objeto de personalizar la informaci\u00f3n que nos presentan las p\u00e1ginas Web. El uso de cookies es una&hellip;<\/p>\n","protected":false},"author":1,"featured_media":0,"parent":0,"menu_order":0,"comment_status":"closed","ping_status":"closed","template":"template-microsite.php","meta":[],"yoast_head":"<!-- This site is optimized with the Yoast SEO plugin v20.11 - https:\/\/yoast.com\/wordpress\/plugins\/seo\/ -->\n<title>Pol\u00edtica de Cookies - ARSAD<\/title>\n<meta name=\"robots\" content=\"index, follow, max-snippet:-1, max-image-preview:large, max-video-preview:-1\" \/>\n<link rel=\"canonical\" href=\"https:\/\/www.arsad.es\/politica-de-cookies\/\" \/>\n<meta property=\"og:locale\" content=\"ca_ES\" \/>\n<meta property=\"og:type\" content=\"article\" \/>\n<meta property=\"og:title\" content=\"Pol\u00edtica de Cookies - ARSAD\" \/>\n<meta property=\"og:description\" content=\"[vc_row][vc_column][vc_column_text]DEFINICION DE COOKIES Las cookies son unos peque\u00f1os ficheros de texto que se descargan y almacenan en los dispositivos de los usuarios cuando acceden a p\u00e1ginas Web. Estos ficheros pueden almacenar datos sobre la navegaci\u00f3n del usuario con objeto de personalizar la informaci\u00f3n que nos presentan las p\u00e1ginas Web. El uso de cookies es una&hellip;\" \/>\n<meta property=\"og:url\" content=\"https:\/\/www.arsad.es\/politica-de-cookies\/\" \/>\n<meta property=\"og:site_name\" content=\"ARSAD\" \/>\n<meta property=\"article:modified_time\" content=\"2021-07-01T15:32:25+00:00\" \/>\n<meta name=\"twitter:card\" content=\"summary_large_image\" \/>\n<meta name=\"twitter:label1\" content=\"Temps estimat de lectura\" \/>\n\t<meta name=\"twitter:data1\" content=\"4 minuts\" \/>\n<script type=\"application\/ld+json\" class=\"yoast-schema-graph\">{\"@context\":\"https:\/\/schema.org\",\"@graph\":[{\"@type\":\"WebPage\",\"@id\":\"https:\/\/www.arsad.es\/politica-de-cookies\/\",\"url\":\"https:\/\/www.arsad.es\/politica-de-cookies\/\",\"name\":\"Pol\u00edtica de Cookies - ARSAD\",\"isPartOf\":{\"@id\":\"https:\/\/www.arsad.es\/ca\/#website\"},\"datePublished\":\"2021-07-01T15:31:34+00:00\",\"dateModified\":\"2021-07-01T15:32:25+00:00\",\"breadcrumb\":{\"@id\":\"https:\/\/www.arsad.es\/politica-de-cookies\/#breadcrumb\"},\"inLanguage\":\"ca\",\"potentialAction\":[{\"@type\":\"ReadAction\",\"target\":[\"https:\/\/www.arsad.es\/politica-de-cookies\/\"]}]},{\"@type\":\"BreadcrumbList\",\"@id\":\"https:\/\/www.arsad.es\/politica-de-cookies\/#breadcrumb\",\"itemListElement\":[{\"@type\":\"ListItem\",\"position\":1,\"name\":\"Portada\",\"item\":\"https:\/\/www.arsad.es\/ca\/\"},{\"@type\":\"ListItem\",\"position\":2,\"name\":\"Pol\u00edtica de Cookies\"}]},{\"@type\":\"WebSite\",\"@id\":\"https:\/\/www.arsad.es\/ca\/#website\",\"url\":\"https:\/\/www.arsad.es\/ca\/\",\"name\":\"ARSAD\",\"description\":\"Asociaci\u00f3n de Residencias y Servicios de Atenci\u00f3n a la Dependencia\",\"potentialAction\":[{\"@type\":\"SearchAction\",\"target\":{\"@type\":\"EntryPoint\",\"urlTemplate\":\"https:\/\/www.arsad.es\/ca\/?s={search_term_string}\"},\"query-input\":\"required name=search_term_string\"}],\"inLanguage\":\"ca\"}]}<\/script>\n<!-- \/ Yoast SEO plugin. -->","yoast_head_json":{"title":"Pol\u00edtica de Cookies - ARSAD","robots":{"index":"index","follow":"follow","max-snippet":"max-snippet:-1","max-image-preview":"max-image-preview:large","max-video-preview":"max-video-preview:-1"},"canonical":"https:\/\/www.arsad.es\/politica-de-cookies\/","og_locale":"ca_ES","og_type":"article","og_title":"Pol\u00edtica de Cookies - ARSAD","og_description":"[vc_row][vc_column][vc_column_text]DEFINICION DE COOKIES Las cookies son unos peque\u00f1os ficheros de texto que se descargan y almacenan en los dispositivos de los usuarios cuando acceden a p\u00e1ginas Web. Estos ficheros pueden almacenar datos sobre la navegaci\u00f3n del usuario con objeto de personalizar la informaci\u00f3n que nos presentan las p\u00e1ginas Web. El uso de cookies es una&hellip;","og_url":"https:\/\/www.arsad.es\/politica-de-cookies\/","og_site_name":"ARSAD","article_modified_time":"2021-07-01T15:32:25+00:00","twitter_card":"summary_large_image","twitter_misc":{"Temps estimat de lectura":"4 minuts"},"schema":{"@context":"https:\/\/schema.org","@graph":[{"@type":"WebPage","@id":"https:\/\/www.arsad.es\/politica-de-cookies\/","url":"https:\/\/www.arsad.es\/politica-de-cookies\/","name":"Pol\u00edtica de Cookies - ARSAD","isPartOf":{"@id":"https:\/\/www.arsad.es\/ca\/#website"},"datePublished":"2021-07-01T15:31:34+00:00","dateModified":"2021-07-01T15:32:25+00:00","breadcrumb":{"@id":"https:\/\/www.arsad.es\/politica-de-cookies\/#breadcrumb"},"inLanguage":"ca","potentialAction":[{"@type":"ReadAction","target":["https:\/\/www.arsad.es\/politica-de-cookies\/"]}]},{"@type":"BreadcrumbList","@id":"https:\/\/www.arsad.es\/politica-de-cookies\/#breadcrumb","itemListElement":[{"@type":"ListItem","position":1,"name":"Portada","item":"https:\/\/www.arsad.es\/ca\/"},{"@type":"ListItem","position":2,"name":"Pol\u00edtica de Cookies"}]},{"@type":"WebSite","@id":"https:\/\/www.arsad.es\/ca\/#website","url":"https:\/\/www.arsad.es\/ca\/","name":"ARSAD","description":"Asociaci\u00f3n de Residencias y Servicios de Atenci\u00f3n a la Dependencia","potentialAction":[{"@type":"SearchAction","target":{"@type":"EntryPoint","urlTemplate":"https:\/\/www.arsad.es\/ca\/?s={search_term_string}"},"query-input":"required name=search_term_string"}],"inLanguage":"ca"}]}},"_links":{"self":[{"href":"https:\/\/www.arsad.es\/ca\/wp-json\/wp\/v2\/pages\/1285"}],"collection":[{"href":"https:\/\/www.arsad.es\/ca\/wp-json\/wp\/v2\/pages"}],"about":[{"href":"https:\/\/www.arsad.es\/ca\/wp-json\/wp\/v2\/types\/page"}],"author":[{"embeddable":true,"href":"https:\/\/www.arsad.es\/ca\/wp-json\/wp\/v2\/users\/1"}],"replies":[{"embeddable":true,"href":"https:\/\/www.arsad.es\/ca\/wp-json\/wp\/v2\/comments?post=1285"}],"version-history":[{"count":1,"href":"https:\/\/www.arsad.es\/ca\/wp-json\/wp\/v2\/pages\/1285\/revisions"}],"predecessor-version":[{"id":1286,"href":"https:\/\/www.arsad.es\/ca\/wp-json\/wp\/v2\/pages\/1285\/revisions\/1286"}],"wp:attachment":[{"href":"https:\/\/www.arsad.es\/ca\/wp-json\/wp\/v2\/media?parent=1285"}],"curies":[{"name":"wp","href":"https:\/\/api.w.org\/{rel}","templated":true}]}}