{"id":1265,"date":"2021-07-01T15:18:06","date_gmt":"2021-07-01T15:18:06","guid":{"rendered":"https:\/\/arsad.paginaswebbarcelona.es\/?page_id=1265"},"modified":"2021-07-02T10:17:52","modified_gmt":"2021-07-02T10:17:52","slug":"avis-legal","status":"publish","type":"page","link":"https:\/\/www.arsad.es\/ca\/avis-legal\/","title":{"rendered":"Av\u00eds Legal"},"content":{"rendered":"<section class=\"wpb-content-wrapper\"><p>[vc_row][vc_column][vc_column_text]El presente Aviso Legal regula el acceso, navegaci\u00f3n y uso del presente sitio web (en adelante, el \u201cSitio Web\u201d).<\/p>\n<p>&nbsp;<\/p>\n<p><strong>1.-DERECHO DE LA INFORMACI\u00d3N.<\/strong><\/p>\n<p>En cumplimiento con el deber de informaci\u00f3n recogido en art\u00edculo 10 de la Ley 34\/2002, de 11 de Julio, de Servicios de la Sociedad de la Informaci\u00f3n y del Comercio Electr\u00f3nico, le informamos que el Sitio Web es titularidad de\u00a0\u00ab\u00bb\u00bbASSOCIACI\u00d3 DE RESID\u00c8NCIES I SERVEIS PER A L\u2019ATENCI\u00d3 A LA DEPENDENCIA.\u00bb\u00bb\u00bb. (en adelante, el \u201cTITULAR\u201d) con CIF G-64940547, con domicilio en Castelldefels, Calle 22, 13-15, que se encuentra inscrita en el Registro de Asociaciones de la Generalitat.<\/p>\n<p>Puede ponerse en contacto con la empresa titular del sitio web en la siguiente direcci\u00f3n de correo electr\u00f3nico:\u00a0associacio.arsad@gmail.com.<\/p>\n<p>&nbsp;<\/p>\n<p><strong>\u00a02.- USUARIOS.<\/strong><\/p>\n<p>El acceso y\/o uso al Sitio Web le atribuye la condici\u00f3n de Usuario, y acepta, desde dicho acceso y\/o uso, el presente Aviso Legal, as\u00ed como todas y cada una de las condiciones y restricciones que est\u00e9n publicadas en el Sitio Web en el momento en que acceda al mismo.<\/p>\n<p>El acceso al Sitio Web y\/o la utilizaci\u00f3n de cualquiera de los servicios en \u00e9l incluidos supondr\u00e1 la aceptaci\u00f3n de todas las condiciones de uso. El TITULAR se reserva el derecho a modificar unilateralmente el Sitio Web y los Contenidos en \u00e9l ofrecidos, incluyendo la modificaci\u00f3n de las condiciones de uso. En cuyo caso, avisar\u00e1 previamente al Usuario. Se recomienda al Usuario que lea este Aviso Legal tantas veces como acceda al Sitio Web.<\/p>\n<p>&nbsp;<\/p>\n<p><strong>3.- USO DEL SITIO WEB.<\/strong><\/p>\n<p>El Sitio Web puede proporcionar acceso a multitud de textos, gr\u00e1ficos, dibujos, dise\u00f1os, c\u00f3digos, software, fotograf\u00edas, m\u00fasica, v\u00eddeos, sonidos, bases de datos, im\u00e1genes, expresiones e informaciones (en adelante, \u201cContenidos\u201d) pertenecientes al TITULAR o a terceros a los que el Usuario puede tener acceso.<\/p>\n<p>El Usuario asume la responsabilidad del uso del Sitio Web. Dicha responsabilidad se extiende al registro que, en su caso, sea necesario para acceder a los Contenidos que preste el Sitio Web.<\/p>\n<p>El Usuario se compromete a hacer un uso adecuado de los Contenidos ofrecidos a trav\u00e9s del Sitio Web y con car\u00e1cter enunciativo pero no limitativo, a no emplearlos para (i) incurrir en actividades il\u00edcitas, ilegales o contrarias a la buena fe y al orden p\u00fablico; (ii) provocar da\u00f1os en los sistemas f\u00edsicos y l\u00f3gicos del titular del Sitio Web, de sus proveedores o de terceras personas, (iii) introducir o difundir en la red virus inform\u00e1ticos o cualesquiera otros sistemas f\u00edsicos o l\u00f3gicos que sean susceptibles de provocar los da\u00f1os anteriormente mencionados.<\/p>\n<p>El TITULAR tendr\u00e1 derecho a investigar y denunciar cualquiera de las conductas mencionadas de acuerdo con la Ley, as\u00ed como a colaborar con las autoridades en la investigaci\u00f3n de dichas actuaciones.<\/p>\n<p>&nbsp;<\/p>\n<p><strong>4.- PROPIEDAD INTELECTUAL.<\/strong><\/p>\n<p>Todos los derechos de propiedad intelectual del Contenido, dise\u00f1o y c\u00f3digo fuente de este Sitio Web son propiedad exclusiva de EL TITULAR, o bien de terceros que han autorizado a EL TITULAR para la utilizaci\u00f3n de los mismos en su Sitio Web, correspondi\u00e9ndoles el ejercicio exclusivo de los derechos de explotaci\u00f3n de los mismos.<\/p>\n<p>Por ello y en virtud de lo dispuesto en el Real Decreto Legislativo 1\/1996, de 12 de Abril, por el que se aprueba el Texto Refundido de la Ley de Propiedad Intelectual, as\u00ed como en la Ley 17\/2001, de 7 de diciembre, de Marcas y la legislaci\u00f3n complementaria en materia de propiedad intelectual e industrial, queda prohibida la reproducci\u00f3n, transmisi\u00f3n, adaptaci\u00f3n, traducci\u00f3n, distribuci\u00f3n, comunicaci\u00f3n p\u00fablica, incluida su modalidad de puesta a disposici\u00f3n, o cualquier otra explotaci\u00f3n y\/o modificaci\u00f3n, de la totalidad o parte de los contenidos del Sitio Web, sin previa autorizaci\u00f3n expresa de EL TITULAR.<\/p>\n<p>El TITULAR no concede ninguna licencia o autorizaci\u00f3n de uso de ninguna clase sobre sus derechos de propiedad intelectual e industrial o sobre cualquier otra propiedad o derecho relacionado con el Sitio Web, y en ning\u00fan caso se entender\u00e1 que el acceso y navegaci\u00f3n del Usuario implica una renuncia, transmisi\u00f3n, licencia o cesi\u00f3n total ni parcial de dichos derechos por parte del TITULAR.<\/p>\n<p>Cualquier uso de esos contenidos no autorizado previamente por parte del TITULAR ser\u00e1 considerado un incumplimiento grave de los derechos de propiedad intelectual o industrial y dar\u00e1 lugar a las responsabilidades legalmente establecidas.<\/p>\n<p>&nbsp;<\/p>\n<p><strong>5.- RESPONSABILIDAD Y GARANT\u00cdAS.<\/strong><\/p>\n<p>5.a)\u00a0<u>Exclusi\u00f3n de garant\u00edas y responsabilidad por el funcionamiento del Sitio Web<\/u>.<\/p>\n<p>El TITULAR declara que ha adoptado las medidas necesarias que, dentro de sus posibilidades y el estado de la tecnolog\u00eda, permitan el correcto funcionamiento de su Sitio Web as\u00ed como la ausencia de virus y componentes da\u00f1inos. Sin embargo, el TITULAR no puede hacerse responsable de: (a) la continuidad y disponibilidad de los Contenidos; (b) la ausencia de errores en dichos Contenidos ni la correcci\u00f3n de cualquier defecto que pudiera ocurrir; (c) la ausencia de virus y\/o dem\u00e1s componentes da\u00f1inos; (d) los da\u00f1os o perjuicios que cause cualquier persona que vulnere los sistemas de seguridad del TITULAR.<\/p>\n<p>El TITULAR podr\u00e1 suspender temporalmente y sin previo aviso, la accesibilidad al Sitio Web con motivo de operaciones de mantenimiento, reparaci\u00f3n, actualizaci\u00f3n o mejora. No obstante, siempre que las circunstancias lo permitan, el TITULAR comunicar\u00e1 al Usuario, con antelaci\u00f3n suficiente, la fecha prevista para la suspensi\u00f3n del acceso al Sitio web.<\/p>\n<p>5.b)\u00a0<u>Exclusi\u00f3n de garant\u00edas y responsabilidad por los Contenidos<\/u>.<\/p>\n<p>El TITULAR no puede garantizar la idoneidad de los Contenidos incluidos en el Sitio Web para fines particulares de quien acceda a la misma. En consecuencia, tanto el acceso a dicho Sitio Web como el uso que pueda hacerse de la informaci\u00f3n y Contenidos incluidos en el mismo se efect\u00faa bajo la exclusiva responsabilidad del Usuario, por lo que el TITULAR no responder\u00e1 en ning\u00fan caso por los eventuales perjuicios derivados del mal uso de la informaci\u00f3n y Contenidos accesibles en el Sitio Web.<\/p>\n<p>El TITULAR no se responsabiliza del uso que los Usuarios puedan hacer de los Contenidos incluidos en el Sitio Web. En consecuencia, el TITULAR no garantiza que el uso que los Usuarios puedan hacer de los contenidos que en su caso se incluyan en el Sitio Web, se ajusten al presente Aviso Legal, ni que lo hagan de forma diligente.<\/p>\n<p>5.c)\u00a0<u>Exclusi\u00f3n de garant\u00edas y responsabilidad por enlaces a otras p\u00e1ginas web.<\/u><\/p>\n<p>El Sitio Web puede contener hiperv\u00ednculos que permitan al Usuario acceder a p\u00e1ginas Web de terceros. El TITULAR no asume ninguna responsabilidad por el contenido o informaciones que pudieran aparecer en dichos sitios, que se entender\u00e1n ofrecidos exclusivamente con car\u00e1cter informativo por parte del TITULAR, y que en ning\u00fan caso implican aceptaci\u00f3n o respaldo alguno entre el TITULAR y las personas o entidades titulares de tales contenidos o titulares de los sitios donde se encuentren. En consecuencia, el Usuario accede bajo su exclusiva responsabilidad a los referidos sitios web.<\/p>\n<p>&nbsp;<\/p>\n<p><strong>6.- DURACI\u00d3N Y MODIFICACI\u00d3N.<\/strong><\/p>\n<p>Las condiciones del presente Aviso Legal estar\u00e1n vigentes hasta que sean modificadas, pudiendo el TITULAR efectuar estos cambios que ser\u00e1n comunicados al Usuario.<\/p>\n<p>El TITULAR podr\u00e1 suprimir, a\u00f1adir o cambiar los Contenidos que ofrece a trav\u00e9s del Sitio Web, as\u00ed como tambi\u00e9n la forma en la que los mismos aparezcan localizados o presentados. Se entienden como vigentes, las condiciones que est\u00e9n publicadas en el momento en el que el Usuario acceda al Sitio Web del TITULAR.<\/p>\n<p>El acceso y\/o el uso del Sitio Web se entender\u00e1n como una aceptaci\u00f3n por parte del Usuario de las condiciones del presente Aviso Legal y, en su caso, los cambios efectuados en las mismas.[\/vc_column_text][\/vc_column][\/vc_row]<\/p>\n<\/section>","protected":false},"excerpt":{"rendered":"<p>[vc_row][vc_column][vc_column_text]El presente Aviso Legal regula el acceso, navegaci\u00f3n y uso del presente sitio web (en adelante, el \u201cSitio Web\u201d). &nbsp; 1.-DERECHO DE LA INFORMACI\u00d3N. En cumplimiento con el deber de informaci\u00f3n recogido en art\u00edculo 10 de la Ley 34\/2002, de 11 de Julio, de Servicios de la Sociedad de la Informaci\u00f3n y del Comercio Electr\u00f3nico,&hellip;<\/p>\n","protected":false},"author":1,"featured_media":0,"parent":0,"menu_order":0,"comment_status":"closed","ping_status":"closed","template":"template-microsite.php","meta":[],"yoast_head":"<!-- This site is optimized with the Yoast SEO plugin v20.11 - https:\/\/yoast.com\/wordpress\/plugins\/seo\/ -->\n<title>Av\u00eds Legal - ARSAD<\/title>\n<meta name=\"robots\" content=\"index, follow, max-snippet:-1, max-image-preview:large, max-video-preview:-1\" \/>\n<link rel=\"canonical\" href=\"https:\/\/www.arsad.es\/aviso-legal\/\" \/>\n<meta property=\"og:locale\" content=\"ca_ES\" \/>\n<meta property=\"og:type\" content=\"article\" \/>\n<meta property=\"og:title\" content=\"Av\u00eds Legal - ARSAD\" \/>\n<meta property=\"og:description\" content=\"[vc_row][vc_column][vc_column_text]El presente Aviso Legal regula el acceso, navegaci\u00f3n y uso del presente sitio web (en adelante, el \u201cSitio Web\u201d). &nbsp; 1.-DERECHO DE LA INFORMACI\u00d3N. En cumplimiento con el deber de informaci\u00f3n recogido en art\u00edculo 10 de la Ley 34\/2002, de 11 de Julio, de Servicios de la Sociedad de la Informaci\u00f3n y del Comercio Electr\u00f3nico,&hellip;\" \/>\n<meta property=\"og:url\" content=\"https:\/\/www.arsad.es\/aviso-legal\/\" \/>\n<meta property=\"og:site_name\" content=\"ARSAD\" \/>\n<meta property=\"article:modified_time\" content=\"2021-07-02T10:17:52+00:00\" \/>\n<meta name=\"twitter:card\" content=\"summary_large_image\" \/>\n<meta name=\"twitter:label1\" content=\"Temps estimat de lectura\" \/>\n\t<meta name=\"twitter:data1\" content=\"6 minuts\" \/>\n<script type=\"application\/ld+json\" class=\"yoast-schema-graph\">{\"@context\":\"https:\/\/schema.org\",\"@graph\":[{\"@type\":\"WebPage\",\"@id\":\"https:\/\/www.arsad.es\/aviso-legal\/\",\"url\":\"https:\/\/www.arsad.es\/aviso-legal\/\",\"name\":\"Av\u00eds Legal - ARSAD\",\"isPartOf\":{\"@id\":\"https:\/\/www.arsad.es\/ca\/#website\"},\"datePublished\":\"2021-07-01T15:18:06+00:00\",\"dateModified\":\"2021-07-02T10:17:52+00:00\",\"breadcrumb\":{\"@id\":\"https:\/\/www.arsad.es\/aviso-legal\/#breadcrumb\"},\"inLanguage\":\"ca\",\"potentialAction\":[{\"@type\":\"ReadAction\",\"target\":[\"https:\/\/www.arsad.es\/aviso-legal\/\"]}]},{\"@type\":\"BreadcrumbList\",\"@id\":\"https:\/\/www.arsad.es\/aviso-legal\/#breadcrumb\",\"itemListElement\":[{\"@type\":\"ListItem\",\"position\":1,\"name\":\"Portada\",\"item\":\"https:\/\/www.arsad.es\/ca\/\"},{\"@type\":\"ListItem\",\"position\":2,\"name\":\"Av\u00eds Legal\"}]},{\"@type\":\"WebSite\",\"@id\":\"https:\/\/www.arsad.es\/ca\/#website\",\"url\":\"https:\/\/www.arsad.es\/ca\/\",\"name\":\"ARSAD\",\"description\":\"Asociaci\u00f3n de Residencias y Servicios de Atenci\u00f3n a la Dependencia\",\"potentialAction\":[{\"@type\":\"SearchAction\",\"target\":{\"@type\":\"EntryPoint\",\"urlTemplate\":\"https:\/\/www.arsad.es\/ca\/?s={search_term_string}\"},\"query-input\":\"required name=search_term_string\"}],\"inLanguage\":\"ca\"}]}<\/script>\n<!-- \/ Yoast SEO plugin. -->","yoast_head_json":{"title":"Av\u00eds Legal - ARSAD","robots":{"index":"index","follow":"follow","max-snippet":"max-snippet:-1","max-image-preview":"max-image-preview:large","max-video-preview":"max-video-preview:-1"},"canonical":"https:\/\/www.arsad.es\/aviso-legal\/","og_locale":"ca_ES","og_type":"article","og_title":"Av\u00eds Legal - ARSAD","og_description":"[vc_row][vc_column][vc_column_text]El presente Aviso Legal regula el acceso, navegaci\u00f3n y uso del presente sitio web (en adelante, el \u201cSitio Web\u201d). &nbsp; 1.-DERECHO DE LA INFORMACI\u00d3N. En cumplimiento con el deber de informaci\u00f3n recogido en art\u00edculo 10 de la Ley 34\/2002, de 11 de Julio, de Servicios de la Sociedad de la Informaci\u00f3n y del Comercio Electr\u00f3nico,&hellip;","og_url":"https:\/\/www.arsad.es\/aviso-legal\/","og_site_name":"ARSAD","article_modified_time":"2021-07-02T10:17:52+00:00","twitter_card":"summary_large_image","twitter_misc":{"Temps estimat de lectura":"6 minuts"},"schema":{"@context":"https:\/\/schema.org","@graph":[{"@type":"WebPage","@id":"https:\/\/www.arsad.es\/aviso-legal\/","url":"https:\/\/www.arsad.es\/aviso-legal\/","name":"Av\u00eds Legal - ARSAD","isPartOf":{"@id":"https:\/\/www.arsad.es\/ca\/#website"},"datePublished":"2021-07-01T15:18:06+00:00","dateModified":"2021-07-02T10:17:52+00:00","breadcrumb":{"@id":"https:\/\/www.arsad.es\/aviso-legal\/#breadcrumb"},"inLanguage":"ca","potentialAction":[{"@type":"ReadAction","target":["https:\/\/www.arsad.es\/aviso-legal\/"]}]},{"@type":"BreadcrumbList","@id":"https:\/\/www.arsad.es\/aviso-legal\/#breadcrumb","itemListElement":[{"@type":"ListItem","position":1,"name":"Portada","item":"https:\/\/www.arsad.es\/ca\/"},{"@type":"ListItem","position":2,"name":"Av\u00eds Legal"}]},{"@type":"WebSite","@id":"https:\/\/www.arsad.es\/ca\/#website","url":"https:\/\/www.arsad.es\/ca\/","name":"ARSAD","description":"Asociaci\u00f3n de Residencias y Servicios de Atenci\u00f3n a la Dependencia","potentialAction":[{"@type":"SearchAction","target":{"@type":"EntryPoint","urlTemplate":"https:\/\/www.arsad.es\/ca\/?s={search_term_string}"},"query-input":"required name=search_term_string"}],"inLanguage":"ca"}]}},"_links":{"self":[{"href":"https:\/\/www.arsad.es\/ca\/wp-json\/wp\/v2\/pages\/1265"}],"collection":[{"href":"https:\/\/www.arsad.es\/ca\/wp-json\/wp\/v2\/pages"}],"about":[{"href":"https:\/\/www.arsad.es\/ca\/wp-json\/wp\/v2\/types\/page"}],"author":[{"embeddable":true,"href":"https:\/\/www.arsad.es\/ca\/wp-json\/wp\/v2\/users\/1"}],"replies":[{"embeddable":true,"href":"https:\/\/www.arsad.es\/ca\/wp-json\/wp\/v2\/comments?post=1265"}],"version-history":[{"count":3,"href":"https:\/\/www.arsad.es\/ca\/wp-json\/wp\/v2\/pages\/1265\/revisions"}],"predecessor-version":[{"id":1292,"href":"https:\/\/www.arsad.es\/ca\/wp-json\/wp\/v2\/pages\/1265\/revisions\/1292"}],"wp:attachment":[{"href":"https:\/\/www.arsad.es\/ca\/wp-json\/wp\/v2\/media?parent=1265"}],"curies":[{"name":"wp","href":"https:\/\/api.w.org\/{rel}","templated":true}]}}