{"id":1163,"date":"2019-07-16T10:04:31","date_gmt":"2019-07-16T10:04:31","guid":{"rendered":"https:\/\/www.arsad.es\/?page_id=1163"},"modified":"2022-03-24T17:45:09","modified_gmt":"2022-03-24T17:45:09","slug":"el-mussol-ii","status":"publish","type":"page","link":"https:\/\/www.arsad.es\/ca\/el-mussol-ii\/","title":{"rendered":"El Mussol II"},"content":{"rendered":"<section class=\"wpb-content-wrapper\"><p>[vc_row type=&#8221;2&#8243; full_width_row=&#8221;true&#8221; bg_color=&#8221;#f6f6f6&#8243; css=&#8221;.vc_custom_1473264676419{background-color: #ffffff !important;}&#8221;][vc_column css=&#8221;.vc_custom_1473263674213{padding-top: 40px !important;}&#8221;][vc_column_text el_class=&#8221;residencinas-in&#8221;]<\/p>\n<h2>EL MUSSOL II<\/h2>\n<p>[\/vc_column_text][\/vc_column][\/vc_row][vc_row type=&#8221;2&#8243; bg_color=&#8221;#f6f6f6&#8243; css=&#8221;.vc_custom_1625138263101{background-color: #a7dca7 !important;}&#8221;][vc_column][layerslider_vc id=&#8221;14&#8243;][\/vc_column][\/vc_row][vc_row type=&#8221;2&#8243; full_width_row=&#8221;true&#8221; bg_color=&#8221;#f6f6f6&#8243; css=&#8221;.vc_custom_1480438115298{background-color: #8edede !important;}&#8221;][vc_column][vc_row_inner el_class=&#8221;info-residencia&#8221;][vc_column_inner width=&#8221;1\/4&#8243;][vc_column_text css=&#8221;.vc_custom_1563271686284{margin-bottom: 5px !important;}&#8221;]<\/p>\n<h3><i class=\"fa fa-home\"><\/i> Nombre de Places<\/h3>\n<p>[\/vc_column_text][vc_column_text el_class=&#8221;margin-left-1&#8243;]Places residencials: 31 p\u00fabliques[\/vc_column_text][\/vc_column_inner][vc_column_inner width=&#8221;1\/4&#8243;][vc_column_text css=&#8221;.vc_custom_1563271299084{margin-bottom: 5px !important;}&#8221;]<\/p>\n<h3><i class=\"fa fa-map-marker\"><\/i> Localitzaci\u00f3<\/h3>\n<p>[\/vc_column_text][vc_column_text el_class=&#8221;margin-left-2&#8243;]Carrer 16, n\u00fam.21-23<br \/>\n08860 Castelldefels<br \/>\n<a href=\"https:\/\/www.google.com\/maps\/place\/Carrer+16,+21,+23,+08860+Castelldefels,+Barcelona\/@41.2690849,1.9882764,17z\/data=!3m1!4b1!4m5!3m4!1s0x12a49d5378d0c9c3:0x10b7a8faeb824103!8m2!3d41.2690849!4d1.9904651\" target=\"_blank\" rel=\"noopener noreferrer\">Veure mapa<\/a>[\/vc_column_text][\/vc_column_inner][vc_column_inner width=&#8221;1\/4&#8243;][vc_column_text css=&#8221;.vc_custom_1563271327134{margin-bottom: 5px !important;}&#8221;]<\/p>\n<h3><i class=\"fa fa-phone\"><\/i> Contacte Resid\u00e8ncia<\/h3>\n<p>[\/vc_column_text][vc_column_text el_class=&#8221;margin-left-3&#8243;]93.760.92.85<br \/>\n<a href=\"mailto:rmussol@hotmail.es\">E-mail<\/a>[\/vc_column_text][\/vc_column_inner][vc_column_inner width=&#8221;1\/4&#8243;][vc_column_text css=&#8221;.vc_custom_1563271335545{margin-bottom: 5px !important;}&#8221;]<\/p>\n<h3><i class=\"fa fa-user\"><\/i> Persona de Contacte<\/h3>\n<p>[\/vc_column_text][vc_column_text el_class=&#8221;margin-left-4&#8243;]<strong>Directora i Treballadora Social<\/strong><br \/>\nOlga Roura[\/vc_column_text][\/vc_column_inner][\/vc_row_inner][\/vc_column][\/vc_row][vc_row type=&#8221;2&#8243; padding_top=&#8221;60&#8243; padding_bottom=&#8221;40&#8243; bg_color=&#8221;#f9f9f9&#8243; bg_repeat=&#8221;repeat&#8221; min_height=&#8221;0&#8243; css=&#8221;.vc_custom_1470915348884{background-color: #f9f9f9 !important;}&#8221;][vc_column el_class=&#8221;info-center&#8221;][vc_column_text el_class=&#8221;info-left&#8221;]<\/p>\n<h3>El Mussol II<\/h3>\n<p>El Mussol II \u00e9s una resid\u00e8ncia col\u00b7laboradora amb la Generalitat de Catalunya i compta amb 31 places. A m\u00e9s, inclou una \u00e0mplia cartera de serveis perqu\u00e8 la gent gran trobi totes les comoditats i les atencions que necessiten: Servei m\u00e8dic i d\u2019 infermeria, psic\u00f2loga, animadora, treballadora social, fisioter\u00e0pia i rehabilitaci\u00f3, servei religi\u00f3s, servei de cuina i serveis externs com perruqueria i podologia.<\/p>\n<p>El nostre comprom\u00eds \u00e9s assegurar als residents un lloc agradable i c\u00f2mode en el qual puguin rebre les cures necess\u00e0ries per part de persones en les que puguin confiar plenament. Desenvolupem una atenci\u00f3 centrada en la persona en tres eixos d&#8217;actuacions: tracte hum\u00e0 i familiar, l&#8217;especialitzaci\u00f3 sanit\u00e0ria , i la cerca del confort i benestar, de tots els nostres residents<br \/>\n[\/vc_column_text][\/vc_column][\/vc_row][vc_row type=&#8221;vc_default&#8221; full_width=&#8221;stretch_row&#8221; css=&#8221;.vc_custom_1648143867685{padding-top: 20px !important;padding-bottom: 60px !important;background-image: url(https:\/\/www.arsad.es\/wp-content\/uploads\/2022\/03\/25372.jpg?id=1459) !important;background-position: center !important;background-repeat: no-repeat !important;background-size: cover !important;}&#8221; el_class=&#8221;formulario&#8221;][vc_column width=&#8221;1\/4&#8243;][\/vc_column][vc_column width=&#8221;1\/2&#8243;][vc_column_text el_class=&#8221;residencias&#8221;]<\/p>\n<h4>Contacta amb la resid\u00e8ncia<\/h4>\n<p>[\/vc_column_text]\n<div class=\"wpcf7 no-js\" id=\"wpcf7-f1462-o1\" lang=\"es-ES\" dir=\"ltr\">\n<div class=\"screen-reader-response\"><p role=\"status\" aria-live=\"polite\" aria-atomic=\"true\"><\/p> <ul><\/ul><\/div>\n<form action=\"\/ca\/wp-json\/wp\/v2\/pages\/1163#wpcf7-f1462-o1\" method=\"post\" class=\"wpcf7-form init\" aria-label=\"Formulario de contacto\" novalidate=\"novalidate\" data-status=\"init\">\n<div style=\"display: none;\">\n<input type=\"hidden\" name=\"_wpcf7\" value=\"1462\" \/>\n<input type=\"hidden\" name=\"_wpcf7_version\" value=\"5.7.7\" \/>\n<input type=\"hidden\" name=\"_wpcf7_locale\" value=\"es_ES\" \/>\n<input type=\"hidden\" name=\"_wpcf7_unit_tag\" value=\"wpcf7-f1462-o1\" \/>\n<input type=\"hidden\" name=\"_wpcf7_container_post\" value=\"0\" \/>\n<input type=\"hidden\" name=\"_wpcf7_posted_data_hash\" value=\"\" \/>\n<input type=\"hidden\" name=\"_wpcf7_recaptcha_response\" value=\"\" \/>\n<\/div>\n<div class=\"vc_col-sm-12\">\n\t<p><span class=\"wpcf7-form-control-wrap\" data-name=\"your-name\"><input size=\"40\" class=\"wpcf7-form-control wpcf7-text wpcf7-validates-as-required\" aria-required=\"true\" aria-invalid=\"false\" placeholder=\"Nom\" value=\"\" type=\"text\" name=\"your-name\" \/><\/span>\n\t<\/p>\n<\/div>\n<div class=\"vc_col-sm-6\">\n\t<p><span class=\"wpcf7-form-control-wrap\" data-name=\"your-phone\"><input size=\"40\" class=\"wpcf7-form-control wpcf7-text wpcf7-tel wpcf7-validates-as-required wpcf7-validates-as-tel\" aria-required=\"true\" aria-invalid=\"false\" placeholder=\"Tel\u00e8fono\" value=\"\" type=\"tel\" name=\"your-phone\" \/><\/span>\n\t<\/p>\n<\/div>\n<div class=\"vc_col-sm-6\">\n\t<p><span class=\"wpcf7-form-control-wrap\" data-name=\"your-email\"><input size=\"40\" class=\"wpcf7-form-control wpcf7-text wpcf7-email wpcf7-validates-as-required wpcf7-validates-as-email\" aria-required=\"true\" aria-invalid=\"false\" placeholder=\"E-mail\" value=\"\" type=\"email\" name=\"your-email\" \/><\/span>\n\t<\/p>\n<\/div>\n<div class=\"vc_col-sm-12\">\n\t<p><span class=\"wpcf7-form-control-wrap\" data-name=\"your-message\"><textarea cols=\"40\" rows=\"10\" class=\"wpcf7-form-control wpcf7-textarea\" aria-invalid=\"false\" placeholder=\"Qu\u00e8 est\u00e0s buscant?\" name=\"your-message\"><\/textarea><\/span>\n\t<\/p>\n<\/div>\n<div class=\"vc_col-sm-12\">\n\t<p><span class=\"wpcf7-form-control-wrap\" data-name=\"acceptance-893\"><span class=\"wpcf7-form-control wpcf7-acceptance\"><span class=\"wpcf7-list-item\"><input type=\"checkbox\" name=\"acceptance-893\" value=\"1\" aria-invalid=\"false\" \/><\/span><\/span><\/span> He llegit i accepto la <a href=\"\/ca\/politica-de-privacidad\/\" target=\"_blank\">Pol\u00edtica de Privacitat<\/a>\n\t<\/p>\n<\/div>\n<div class=\"vc_col-sm-12\">\n\t<p><input class=\"wpcf7-form-control has-spinner wpcf7-submit\" type=\"submit\" value=\"ENVIAR\" \/>\n\t<\/p>\n<\/div><div class=\"wpcf7-response-output\" aria-hidden=\"true\"><\/div>\n<\/form>\n<\/div>\n[\/vc_column][vc_column width=&#8221;1\/4&#8243;][\/vc_column][\/vc_row][vc_row margin_bottom=&#8221;20px&#8221; anchor=&#8221;residencias&#8221; css=&#8221;.vc_custom_1473332351216{margin-bottom: 60px !important;}&#8221;][vc_column css=&#8221;.vc_custom_1470916637082{margin-top: 60px !important;}&#8221;][vc_single_image image=&#8221;672&#8243; img_size=&#8221;full&#8221; alignment=&#8221;center&#8221; image_hovers=&#8221;false&#8221;][vc_column_text el_class=&#8221;residencias&#8221;]<\/p>\n<h4>Troba la teva resid\u00e8ncia m\u00e9s propera a Castelldefels<\/h4>\n<p>Despla\u00e7a&#8217;t pel mapa i fes clic en algun marcador de localitzaci\u00f3[\/vc_column_text][\/vc_column][\/vc_row][vc_row type=&#8221;1&#8243; margin_bottom=&#8221;0px&#8221; full_width_row=&#8221;true&#8221; css=&#8221;.vc_custom_1472829087171{margin-bottom: 0px !important;}&#8221;][vc_column][vc_column_text css=&#8221;.vc_custom_1563271796404{margin-bottom: 0px !important;}&#8221;]\t\t<div id=\"maps-marker-pro-9d052ed4\" class=\"maps-marker-pro\" style=\"width: 100%;\">\r\n\t\t\t<div id=\"mmp-map-wrap-9d052ed4\" class=\"mmp-map-wrap\">\r\n\t\t\t\t\t\t\t\t\t<div id=\"mmp-panel-9d052ed4\" class=\"mmp-panel\"><\/div>\r\n\t\t\t\t\t\t\t\t<div id=\"mmp-map-9d052ed4\" class=\"mmp-map\" style=\"height: 600px;\"><\/div>\r\n\t\t\t\t\t\t\t<\/div>\r\n\t\t\t\t\t<\/div>\r\n\t\t[\/vc_column_text][\/vc_column][\/vc_row]<\/p>\n<\/section>","protected":false},"excerpt":{"rendered":"<p>[vc_row type=&#8221;2&#8243; full_width_row=&#8221;true&#8221; bg_color=&#8221;#f6f6f6&#8243; css=&#8221;.vc_custom_1473264676419{background-color: #ffffff !important;}&#8221;][vc_column css=&#8221;.vc_custom_1473263674213{padding-top: 40px !important;}&#8221;][vc_column_text el_class=&#8221;residencinas-in&#8221;] EL MUSSOL II [\/vc_column_text][\/vc_column][\/vc_row][vc_row type=&#8221;2&#8243; bg_color=&#8221;#f6f6f6&#8243; css=&#8221;.vc_custom_1625138263101{background-color: #a7dca7 !important;}&#8221;][vc_column][layerslider_vc id=&#8221;14&#8243;][\/vc_column][\/vc_row][vc_row type=&#8221;2&#8243; full_width_row=&#8221;true&#8221; bg_color=&#8221;#f6f6f6&#8243; css=&#8221;.vc_custom_1480438115298{background-color: #8edede !important;}&#8221;][vc_column][vc_row_inner el_class=&#8221;info-residencia&#8221;][vc_column_inner width=&#8221;1\/4&#8243;][vc_column_text css=&#8221;.vc_custom_1563271686284{margin-bottom: 5px !important;}&#8221;] Nombre de Places [\/vc_column_text][vc_column_text el_class=&#8221;margin-left-1&#8243;]Places residencials: 31 p\u00fabliques[\/vc_column_text][\/vc_column_inner][vc_column_inner width=&#8221;1\/4&#8243;][vc_column_text css=&#8221;.vc_custom_1563271299084{margin-bottom: 5px !important;}&#8221;] Localitzaci\u00f3 [\/vc_column_text][vc_column_text el_class=&#8221;margin-left-2&#8243;]Carrer 16, n\u00fam.21-23 08860 Castelldefels Veure mapa[\/vc_column_text][\/vc_column_inner][vc_column_inner width=&#8221;1\/4&#8243;][vc_column_text css=&#8221;.vc_custom_1563271327134{margin-bottom:&hellip;<\/p>\n","protected":false},"author":1,"featured_media":0,"parent":0,"menu_order":0,"comment_status":"closed","ping_status":"closed","template":"template-microsite.php","meta":[],"yoast_head":"<!-- This site is optimized with the Yoast SEO plugin v20.11 - https:\/\/yoast.com\/wordpress\/plugins\/seo\/ -->\n<title>El Mussol II - ARSAD<\/title>\n<meta name=\"robots\" content=\"index, follow, max-snippet:-1, max-image-preview:large, max-video-preview:-1\" \/>\n<link rel=\"canonical\" href=\"https:\/\/www.arsad.es\/el-mussol-ii\/\" \/>\n<meta property=\"og:locale\" content=\"ca_ES\" \/>\n<meta property=\"og:type\" content=\"article\" \/>\n<meta property=\"og:title\" content=\"El Mussol II - ARSAD\" \/>\n<meta property=\"og:description\" content=\"[vc_row type=&#8221;2&#8243; full_width_row=&#8221;true&#8221; bg_color=&#8221;#f6f6f6&#8243; css=&#8221;.vc_custom_1473264676419{background-color: #ffffff !important;}&#8221;][vc_column css=&#8221;.vc_custom_1473263674213{padding-top: 40px !important;}&#8221;][vc_column_text el_class=&#8221;residencinas-in&#8221;] EL MUSSOL II [\/vc_column_text][\/vc_column][\/vc_row][vc_row type=&#8221;2&#8243; bg_color=&#8221;#f6f6f6&#8243; css=&#8221;.vc_custom_1625138263101{background-color: #a7dca7 !important;}&#8221;][vc_column][layerslider_vc id=&#8221;14&#8243;][\/vc_column][\/vc_row][vc_row type=&#8221;2&#8243; full_width_row=&#8221;true&#8221; bg_color=&#8221;#f6f6f6&#8243; css=&#8221;.vc_custom_1480438115298{background-color: #8edede !important;}&#8221;][vc_column][vc_row_inner el_class=&#8221;info-residencia&#8221;][vc_column_inner width=&#8221;1\/4&#8243;][vc_column_text css=&#8221;.vc_custom_1563271686284{margin-bottom: 5px !important;}&#8221;] Nombre de Places [\/vc_column_text][vc_column_text el_class=&#8221;margin-left-1&#8243;]Places residencials: 31 p\u00fabliques[\/vc_column_text][\/vc_column_inner][vc_column_inner width=&#8221;1\/4&#8243;][vc_column_text css=&#8221;.vc_custom_1563271299084{margin-bottom: 5px !important;}&#8221;] Localitzaci\u00f3 [\/vc_column_text][vc_column_text el_class=&#8221;margin-left-2&#8243;]Carrer 16, n\u00fam.21-23 08860 Castelldefels Veure mapa[\/vc_column_text][\/vc_column_inner][vc_column_inner width=&#8221;1\/4&#8243;][vc_column_text css=&#8221;.vc_custom_1563271327134{margin-bottom:&hellip;\" \/>\n<meta property=\"og:url\" content=\"https:\/\/www.arsad.es\/el-mussol-ii\/\" \/>\n<meta property=\"og:site_name\" content=\"ARSAD\" \/>\n<meta property=\"article:modified_time\" content=\"2022-03-24T17:45:09+00:00\" \/>\n<meta name=\"twitter:card\" content=\"summary_large_image\" \/>\n<meta name=\"twitter:label1\" content=\"Temps estimat de lectura\" \/>\n\t<meta name=\"twitter:data1\" content=\"2 minuts\" \/>\n<script type=\"application\/ld+json\" class=\"yoast-schema-graph\">{\"@context\":\"https:\/\/schema.org\",\"@graph\":[{\"@type\":\"WebPage\",\"@id\":\"https:\/\/www.arsad.es\/el-mussol-ii\/\",\"url\":\"https:\/\/www.arsad.es\/el-mussol-ii\/\",\"name\":\"El Mussol II - ARSAD\",\"isPartOf\":{\"@id\":\"https:\/\/www.arsad.es\/ca\/#website\"},\"datePublished\":\"2019-07-16T10:04:31+00:00\",\"dateModified\":\"2022-03-24T17:45:09+00:00\",\"breadcrumb\":{\"@id\":\"https:\/\/www.arsad.es\/el-mussol-ii\/#breadcrumb\"},\"inLanguage\":\"ca\",\"potentialAction\":[{\"@type\":\"ReadAction\",\"target\":[\"https:\/\/www.arsad.es\/el-mussol-ii\/\"]}]},{\"@type\":\"BreadcrumbList\",\"@id\":\"https:\/\/www.arsad.es\/el-mussol-ii\/#breadcrumb\",\"itemListElement\":[{\"@type\":\"ListItem\",\"position\":1,\"name\":\"Portada\",\"item\":\"https:\/\/www.arsad.es\/ca\/\"},{\"@type\":\"ListItem\",\"position\":2,\"name\":\"El Mussol II\"}]},{\"@type\":\"WebSite\",\"@id\":\"https:\/\/www.arsad.es\/ca\/#website\",\"url\":\"https:\/\/www.arsad.es\/ca\/\",\"name\":\"ARSAD\",\"description\":\"Asociaci\u00f3n de Residencias y Servicios de Atenci\u00f3n a la Dependencia\",\"potentialAction\":[{\"@type\":\"SearchAction\",\"target\":{\"@type\":\"EntryPoint\",\"urlTemplate\":\"https:\/\/www.arsad.es\/ca\/?s={search_term_string}\"},\"query-input\":\"required name=search_term_string\"}],\"inLanguage\":\"ca\"}]}<\/script>\n<!-- \/ Yoast SEO plugin. -->","yoast_head_json":{"title":"El Mussol II - ARSAD","robots":{"index":"index","follow":"follow","max-snippet":"max-snippet:-1","max-image-preview":"max-image-preview:large","max-video-preview":"max-video-preview:-1"},"canonical":"https:\/\/www.arsad.es\/el-mussol-ii\/","og_locale":"ca_ES","og_type":"article","og_title":"El Mussol II - ARSAD","og_description":"[vc_row type=&#8221;2&#8243; full_width_row=&#8221;true&#8221; bg_color=&#8221;#f6f6f6&#8243; css=&#8221;.vc_custom_1473264676419{background-color: #ffffff !important;}&#8221;][vc_column css=&#8221;.vc_custom_1473263674213{padding-top: 40px !important;}&#8221;][vc_column_text el_class=&#8221;residencinas-in&#8221;] EL MUSSOL II [\/vc_column_text][\/vc_column][\/vc_row][vc_row type=&#8221;2&#8243; bg_color=&#8221;#f6f6f6&#8243; css=&#8221;.vc_custom_1625138263101{background-color: #a7dca7 !important;}&#8221;][vc_column][layerslider_vc id=&#8221;14&#8243;][\/vc_column][\/vc_row][vc_row type=&#8221;2&#8243; full_width_row=&#8221;true&#8221; bg_color=&#8221;#f6f6f6&#8243; css=&#8221;.vc_custom_1480438115298{background-color: #8edede !important;}&#8221;][vc_column][vc_row_inner el_class=&#8221;info-residencia&#8221;][vc_column_inner width=&#8221;1\/4&#8243;][vc_column_text css=&#8221;.vc_custom_1563271686284{margin-bottom: 5px !important;}&#8221;] Nombre de Places [\/vc_column_text][vc_column_text el_class=&#8221;margin-left-1&#8243;]Places residencials: 31 p\u00fabliques[\/vc_column_text][\/vc_column_inner][vc_column_inner width=&#8221;1\/4&#8243;][vc_column_text css=&#8221;.vc_custom_1563271299084{margin-bottom: 5px !important;}&#8221;] Localitzaci\u00f3 [\/vc_column_text][vc_column_text el_class=&#8221;margin-left-2&#8243;]Carrer 16, n\u00fam.21-23 08860 Castelldefels Veure mapa[\/vc_column_text][\/vc_column_inner][vc_column_inner width=&#8221;1\/4&#8243;][vc_column_text css=&#8221;.vc_custom_1563271327134{margin-bottom:&hellip;","og_url":"https:\/\/www.arsad.es\/el-mussol-ii\/","og_site_name":"ARSAD","article_modified_time":"2022-03-24T17:45:09+00:00","twitter_card":"summary_large_image","twitter_misc":{"Temps estimat de lectura":"2 minuts"},"schema":{"@context":"https:\/\/schema.org","@graph":[{"@type":"WebPage","@id":"https:\/\/www.arsad.es\/el-mussol-ii\/","url":"https:\/\/www.arsad.es\/el-mussol-ii\/","name":"El Mussol II - ARSAD","isPartOf":{"@id":"https:\/\/www.arsad.es\/ca\/#website"},"datePublished":"2019-07-16T10:04:31+00:00","dateModified":"2022-03-24T17:45:09+00:00","breadcrumb":{"@id":"https:\/\/www.arsad.es\/el-mussol-ii\/#breadcrumb"},"inLanguage":"ca","potentialAction":[{"@type":"ReadAction","target":["https:\/\/www.arsad.es\/el-mussol-ii\/"]}]},{"@type":"BreadcrumbList","@id":"https:\/\/www.arsad.es\/el-mussol-ii\/#breadcrumb","itemListElement":[{"@type":"ListItem","position":1,"name":"Portada","item":"https:\/\/www.arsad.es\/ca\/"},{"@type":"ListItem","position":2,"name":"El Mussol II"}]},{"@type":"WebSite","@id":"https:\/\/www.arsad.es\/ca\/#website","url":"https:\/\/www.arsad.es\/ca\/","name":"ARSAD","description":"Asociaci\u00f3n de Residencias y Servicios de Atenci\u00f3n a la Dependencia","potentialAction":[{"@type":"SearchAction","target":{"@type":"EntryPoint","urlTemplate":"https:\/\/www.arsad.es\/ca\/?s={search_term_string}"},"query-input":"required name=search_term_string"}],"inLanguage":"ca"}]}},"_links":{"self":[{"href":"https:\/\/www.arsad.es\/ca\/wp-json\/wp\/v2\/pages\/1163"}],"collection":[{"href":"https:\/\/www.arsad.es\/ca\/wp-json\/wp\/v2\/pages"}],"about":[{"href":"https:\/\/www.arsad.es\/ca\/wp-json\/wp\/v2\/types\/page"}],"author":[{"embeddable":true,"href":"https:\/\/www.arsad.es\/ca\/wp-json\/wp\/v2\/users\/1"}],"replies":[{"embeddable":true,"href":"https:\/\/www.arsad.es\/ca\/wp-json\/wp\/v2\/comments?post=1163"}],"version-history":[{"count":14,"href":"https:\/\/www.arsad.es\/ca\/wp-json\/wp\/v2\/pages\/1163\/revisions"}],"predecessor-version":[{"id":1481,"href":"https:\/\/www.arsad.es\/ca\/wp-json\/wp\/v2\/pages\/1163\/revisions\/1481"}],"wp:attachment":[{"href":"https:\/\/www.arsad.es\/ca\/wp-json\/wp\/v2\/media?parent=1163"}],"curies":[{"name":"wp","href":"https:\/\/api.w.org\/{rel}","templated":true}]}}