{"id":1015,"date":"2016-09-07T16:51:31","date_gmt":"2016-09-07T16:51:31","guid":{"rendered":"http:\/\/arsad.paginaswebbarcelona.es\/ca\/residencia-el-manantial\/"},"modified":"2022-03-24T17:47:45","modified_gmt":"2022-03-24T17:47:45","slug":"residencia-el-manantial","status":"publish","type":"page","link":"https:\/\/www.arsad.es\/ca\/residencia-el-manantial\/","title":{"rendered":"Resid\u00e8ncia El Manantial"},"content":{"rendered":"<section class=\"wpb-content-wrapper\"><p>[vc_row type=&#8221;2&#8243; full_width_row=&#8221;true&#8221; bg_color=&#8221;#f6f6f6&#8243; css=&#8221;.vc_custom_1473264676419{background-color: #ffffff !important;}&#8221;][vc_column css=&#8221;.vc_custom_1473263674213{padding-top: 40px !important;}&#8221;][vc_column_text el_class=&#8221;residencinas-in&#8221;]<\/p>\n<h2>RESID\u00c8NCIA EL MANANTIAL<\/h2>\n<p>[\/vc_column_text][\/vc_column][\/vc_row][vc_row type=&#8221;2&#8243; bg_color=&#8221;#f6f6f6&#8243; css=&#8221;.vc_custom_1625138271902{background-color: #a7dca7 !important;}&#8221;][vc_column][layerslider_vc id=&#8221;7&#8243;][\/vc_column][\/vc_row][vc_row type=&#8221;2&#8243; full_width_row=&#8221;true&#8221; bg_color=&#8221;#f6f6f6&#8243; css=&#8221;.vc_custom_1473264714105{background-color: #8edede !important;}&#8221;][vc_column][vc_row_inner el_class=&#8221;info-residencia&#8221;][vc_column_inner width=&#8221;1\/4&#8243;][vc_column_text css=&#8221;.vc_custom_1479748560975{margin-bottom: 5px !important;}&#8221;]<\/p>\n<h3><i class=\"fa fa-home\"><\/i> Nombre de Places<\/h3>\n<p>[\/vc_column_text][vc_column_text el_class=&#8221;margin-left-1&#8243;]Plazas residenciales: 56<br \/>\n13 p\u00fablicas &#8211; 43 privadas<br \/>\nPlazas centro de d\u00eda: 20<br \/>\n5 p\u00fablicas &#8211; 15 privadas[\/vc_column_text][\/vc_column_inner][vc_column_inner width=&#8221;1\/4&#8243;][vc_column_text css=&#8221;.vc_custom_1479748700286{margin-bottom: 5px !important;}&#8221;]<\/p>\n<h3><i class=\"fa fa-map-marker\"><\/i> Localitzaci\u00f3<\/h3>\n<p>[\/vc_column_text][vc_column_text el_class=&#8221;margin-left-2&#8243;]Passeig Brollador, 26-28<br \/>\n08860 Castelldefels<br \/>\n<a href=\"https:\/\/www.google.es\/maps\/place\/Passeig+del+Brollador,+26,+08860+Castelldefels,+Barcelona\/@41.268144,1.952466,17z\/data=!3m1!4b1!4m5!3m4!1s0x12a48283e833c873:0x80ce3fcec98221f6!8m2!3d41.26814!4d1.95466 target=\">Veure mapa<\/a>[\/vc_column_text][\/vc_column_inner][vc_column_inner width=&#8221;1\/4&#8243;][vc_column_text css=&#8221;.vc_custom_1479748797914{margin-bottom: 5px !important;}&#8221;]<\/p>\n<h3><i class=\"fa fa-phone\"><\/i> Contacte Resid\u00e8ncia<\/h3>\n<p>[\/vc_column_text][vc_column_text el_class=&#8221;margin-left-3&#8243;]936 642 018<br \/>\n600 016 722<br \/>\n<a href=\"http:\/\/residenciaelmanantial.org\" target=\"_blank\" rel=\"noopener noreferrer\">Visitar web<\/a><br \/>\n<a href=\"mailto:direccion@residenciaelmanantial.org\">E-mail<\/a>[\/vc_column_text][\/vc_column_inner][vc_column_inner width=&#8221;1\/4&#8243;][vc_column_text css=&#8221;.vc_custom_1479748887373{margin-bottom: 5px !important;}&#8221;]<\/p>\n<h3><i class=\"fa fa-user\"><\/i> Persona de Contacte<\/h3>\n<p>[\/vc_column_text][vc_column_text el_class=&#8221;margin-left-4&#8243;]<strong>Directora<\/strong><br \/>\nEsther Arozarena[\/vc_column_text][\/vc_column_inner][\/vc_row_inner][\/vc_column][\/vc_row][vc_row type=&#8221;2&#8243; padding_top=&#8221;60&#8243; padding_bottom=&#8221;40&#8243; bg_color=&#8221;#f9f9f9&#8243; bg_repeat=&#8221;repeat&#8221; min_height=&#8221;0&#8243; css=&#8221;.vc_custom_1470915348884{background-color: #f9f9f9 !important;}&#8221;][vc_column el_class=&#8221;info-center&#8221;][vc_column_text el_class=&#8221;info-left&#8221;]<\/p>\n<h3>Resid\u00e8ncia El Manantial<\/h3>\n<p>La Resid\u00e8ncia El Manantial \u00e9s un Centre Col\u00b7laborador de la Generalitat de Catalunya que at\u00e9n per tant usuaris de pla\u00e7a privada i beneficiaris de la llei de la depend\u00e8ncia, tant pel que fa a places p\u00fabliques com pel cobrament de prestacions vinculades.<\/p>\n<p>Es tracta d&#8217;un edifici de quatre plantes envoltat de jard\u00ed, en una zona molt tranquil\u00b7la de Castelldefels, proper a les platges i molt ben comunicat.<\/p>\n<p>El centre \u00e9s una instituci\u00f3 oberta, orientada a la cura individualitzada segons els plantejaments de l&#8217;atenci\u00f3 centrada en les persones. \u00c9s la nostra prioritat que tots, familiars i residents, se sentin com a casa pel que no vam marcar horaris de visita, facilitem les entrades i sortides a qualsevol hora i, fins i tot, que els familiars puguin quedar al centre a dinar.<\/p>\n<p>La resid\u00e8ncia va obtenir el 2011 el Certificat de Gesti\u00f3 de Qualitat ISO 9001.<\/p>\n<p class=\"margin-content\"><strong>Habitacions<\/strong><br \/>\nLes habitacions poden ser individuals i compartides. Totes exteriors amb vistes als jardins i equipades amb bany propi adaptat, TV, tel\u00e8fon, sistema d&#8217;emerg\u00e8ncia, calefacci\u00f3, aire condicionat, llits.<\/p>\n<p class=\"margin-content\"><strong>Atenci\u00f3 integral interdisciplinaria<\/strong><\/p>\n<ul>\n<li><i class=\"fa fa-angle-right\"><\/i> Intervenci\u00f3 cognitiva, seguiment emocional, avaluaci\u00f3 psicol\u00f2gica i activitats l\u00fadiques, realitzades per un psic\u00f2leg.<\/li>\n<li><i class=\"fa fa-angle-right\"><\/i> Rehabilitaci\u00f3 individual i estimulaci\u00f3 psicomotora en grup realitzada per un fisioterapeuta.<\/li>\n<li><i class=\"fa fa-angle-right\"><\/i> Acompanyament assistencial residents i familiars, llei de depend\u00e8ncia i altres necessitats gestionades per una treballadora social.<\/li>\n<li><i class=\"fa fa-angle-right\"><\/i> Assist\u00e8ncia sanit\u00e0ria coberta per un metge i dues infermeres.<\/li>\n<li><i class=\"fa fa-angle-right\"><\/i> Suport a les activitats de la vida di\u00e0ria per part de gerocultors titulades.<\/li>\n<li><i class=\"fa fa-angle-right\"><\/i> Musicoter\u00e0pia, jardineria i r\u00e8pliques d&#8217;activitats quotidianes dutes a terme per l&#8217;educadora social.<\/li>\n<li><i class=\"fa fa-angle-right\"><\/i> Altres serveis: Podologia, Perruqueria, Serveis Religiosos, acompanyament a visites m\u00e8diques. Cuina pr\u00f2pia. Bugaderia.<\/li>\n<\/ul>\n<p>[\/vc_column_text][\/vc_column][\/vc_row][vc_row type=&#8221;vc_default&#8221; full_width=&#8221;stretch_row&#8221; css=&#8221;.vc_custom_1648142143437{padding-top: 20px !important;padding-bottom: 60px !important;background-image: url(https:\/\/www.arsad.es\/wp-content\/uploads\/2022\/03\/25372.jpg?id=1459) !important;background-position: center !important;background-repeat: no-repeat !important;background-size: cover !important;}&#8221; el_class=&#8221;formulario&#8221;][vc_column width=&#8221;1\/4&#8243;][\/vc_column][vc_column width=&#8221;1\/2&#8243;][vc_column_text el_class=&#8221;residencias&#8221;]<\/p>\n<h4>Contacta amb la resid\u00e8ncia<\/h4>\n<p>[\/vc_column_text]\n<div class=\"wpcf7 no-js\" id=\"wpcf7-f1462-o1\" lang=\"es-ES\" dir=\"ltr\">\n<div class=\"screen-reader-response\"><p role=\"status\" aria-live=\"polite\" aria-atomic=\"true\"><\/p> <ul><\/ul><\/div>\n<form action=\"\/ca\/wp-json\/wp\/v2\/pages\/1015#wpcf7-f1462-o1\" method=\"post\" class=\"wpcf7-form init\" aria-label=\"Formulario de contacto\" novalidate=\"novalidate\" data-status=\"init\">\n<div style=\"display: none;\">\n<input type=\"hidden\" name=\"_wpcf7\" value=\"1462\" \/>\n<input type=\"hidden\" name=\"_wpcf7_version\" value=\"5.7.7\" \/>\n<input type=\"hidden\" name=\"_wpcf7_locale\" value=\"es_ES\" \/>\n<input type=\"hidden\" name=\"_wpcf7_unit_tag\" value=\"wpcf7-f1462-o1\" \/>\n<input type=\"hidden\" name=\"_wpcf7_container_post\" value=\"0\" \/>\n<input type=\"hidden\" name=\"_wpcf7_posted_data_hash\" value=\"\" \/>\n<input type=\"hidden\" name=\"_wpcf7_recaptcha_response\" value=\"\" \/>\n<\/div>\n<div class=\"vc_col-sm-12\">\n\t<p><span class=\"wpcf7-form-control-wrap\" data-name=\"your-name\"><input size=\"40\" class=\"wpcf7-form-control wpcf7-text wpcf7-validates-as-required\" aria-required=\"true\" aria-invalid=\"false\" placeholder=\"Nom\" value=\"\" type=\"text\" name=\"your-name\" \/><\/span>\n\t<\/p>\n<\/div>\n<div class=\"vc_col-sm-6\">\n\t<p><span class=\"wpcf7-form-control-wrap\" data-name=\"your-phone\"><input size=\"40\" class=\"wpcf7-form-control wpcf7-text wpcf7-tel wpcf7-validates-as-required wpcf7-validates-as-tel\" aria-required=\"true\" aria-invalid=\"false\" placeholder=\"Tel\u00e8fono\" value=\"\" type=\"tel\" name=\"your-phone\" \/><\/span>\n\t<\/p>\n<\/div>\n<div class=\"vc_col-sm-6\">\n\t<p><span class=\"wpcf7-form-control-wrap\" data-name=\"your-email\"><input size=\"40\" class=\"wpcf7-form-control wpcf7-text wpcf7-email wpcf7-validates-as-required wpcf7-validates-as-email\" aria-required=\"true\" aria-invalid=\"false\" placeholder=\"E-mail\" value=\"\" type=\"email\" name=\"your-email\" \/><\/span>\n\t<\/p>\n<\/div>\n<div class=\"vc_col-sm-12\">\n\t<p><span class=\"wpcf7-form-control-wrap\" data-name=\"your-message\"><textarea cols=\"40\" rows=\"10\" class=\"wpcf7-form-control wpcf7-textarea\" aria-invalid=\"false\" placeholder=\"Qu\u00e8 est\u00e0s buscant?\" name=\"your-message\"><\/textarea><\/span>\n\t<\/p>\n<\/div>\n<div class=\"vc_col-sm-12\">\n\t<p><span class=\"wpcf7-form-control-wrap\" data-name=\"acceptance-893\"><span class=\"wpcf7-form-control wpcf7-acceptance\"><span class=\"wpcf7-list-item\"><input type=\"checkbox\" name=\"acceptance-893\" value=\"1\" aria-invalid=\"false\" \/><\/span><\/span><\/span> He llegit i accepto la <a href=\"\/ca\/politica-de-privacidad\/\" target=\"_blank\">Pol\u00edtica de Privacitat<\/a>\n\t<\/p>\n<\/div>\n<div class=\"vc_col-sm-12\">\n\t<p><input class=\"wpcf7-form-control has-spinner wpcf7-submit\" type=\"submit\" value=\"ENVIAR\" \/>\n\t<\/p>\n<\/div><div class=\"wpcf7-response-output\" aria-hidden=\"true\"><\/div>\n<\/form>\n<\/div>\n[\/vc_column][vc_column width=&#8221;1\/4&#8243;][\/vc_column][\/vc_row][vc_row margin_bottom=&#8221;20px&#8221; anchor=&#8221;residencias&#8221; css=&#8221;.vc_custom_1473332416389{margin-bottom: 60px !important;}&#8221;][vc_column css=&#8221;.vc_custom_1470916637082{margin-top: 60px !important;}&#8221;][vc_single_image image=&#8221;672&#8243; img_size=&#8221;full&#8221; alignment=&#8221;center&#8221; image_hovers=&#8221;false&#8221;][vc_column_text el_class=&#8221;residencias&#8221;]<\/p>\n<h4>Troba la teva resid\u00e8ncia m\u00e9s propera a Castelldefels<\/h4>\n<p>Despla\u00e7a&#8217;t pel mapa i fes clic en algun marcador de localitzaci\u00f3[\/vc_column_text][\/vc_column][\/vc_row][vc_row type=&#8221;1&#8243; margin_bottom=&#8221;0px&#8221; full_width_row=&#8221;true&#8221; css=&#8221;.vc_custom_1472829087171{margin-bottom: 0px !important;}&#8221;][vc_column][vc_column_text css=&#8221;.vc_custom_1479746969282{margin-bottom: 0px !important;}&#8221;]\t\t<div id=\"maps-marker-pro-74ee0ad1\" class=\"maps-marker-pro\" style=\"width: 100%;\">\r\n\t\t\t<div id=\"mmp-map-wrap-74ee0ad1\" class=\"mmp-map-wrap\">\r\n\t\t\t\t\t\t\t\t\t<div id=\"mmp-panel-74ee0ad1\" class=\"mmp-panel\"><\/div>\r\n\t\t\t\t\t\t\t\t<div id=\"mmp-map-74ee0ad1\" class=\"mmp-map\" style=\"height: 600px;\"><\/div>\r\n\t\t\t\t\t\t\t<\/div>\r\n\t\t\t\t\t<\/div>\r\n\t\t[\/vc_column_text][\/vc_column][\/vc_row]<\/p>\n<\/section>","protected":false},"excerpt":{"rendered":"<p>[vc_row type=&#8221;2&#8243; full_width_row=&#8221;true&#8221; bg_color=&#8221;#f6f6f6&#8243; css=&#8221;.vc_custom_1473264676419{background-color: #ffffff !important;}&#8221;][vc_column css=&#8221;.vc_custom_1473263674213{padding-top: 40px !important;}&#8221;][vc_column_text el_class=&#8221;residencinas-in&#8221;] RESID\u00c8NCIA EL MANANTIAL [\/vc_column_text][\/vc_column][\/vc_row][vc_row type=&#8221;2&#8243; bg_color=&#8221;#f6f6f6&#8243; css=&#8221;.vc_custom_1625138271902{background-color: #a7dca7 !important;}&#8221;][vc_column][layerslider_vc id=&#8221;7&#8243;][\/vc_column][\/vc_row][vc_row type=&#8221;2&#8243; full_width_row=&#8221;true&#8221; bg_color=&#8221;#f6f6f6&#8243; css=&#8221;.vc_custom_1473264714105{background-color: #8edede !important;}&#8221;][vc_column][vc_row_inner el_class=&#8221;info-residencia&#8221;][vc_column_inner width=&#8221;1\/4&#8243;][vc_column_text css=&#8221;.vc_custom_1479748560975{margin-bottom: 5px !important;}&#8221;] Nombre de Places [\/vc_column_text][vc_column_text el_class=&#8221;margin-left-1&#8243;]Plazas residenciales: 56 13 p\u00fablicas &#8211; 43 privadas Plazas centro de d\u00eda: 20 5 p\u00fablicas &#8211; 15 privadas[\/vc_column_text][\/vc_column_inner][vc_column_inner width=&#8221;1\/4&#8243;][vc_column_text&hellip;<\/p>\n","protected":false},"author":1,"featured_media":0,"parent":0,"menu_order":0,"comment_status":"closed","ping_status":"closed","template":"template-microsite.php","meta":[],"yoast_head":"<!-- This site is optimized with the Yoast SEO plugin v20.11 - https:\/\/yoast.com\/wordpress\/plugins\/seo\/ -->\n<title>Resid\u00e8ncia El Manantial - ARSAD<\/title>\n<meta name=\"robots\" content=\"index, follow, max-snippet:-1, max-image-preview:large, max-video-preview:-1\" \/>\n<link rel=\"canonical\" href=\"https:\/\/www.arsad.es\/ca\/residencia-el-manantial\/\" \/>\n<meta property=\"og:locale\" content=\"ca_ES\" \/>\n<meta property=\"og:type\" content=\"article\" \/>\n<meta property=\"og:title\" content=\"Resid\u00e8ncia El Manantial - ARSAD\" \/>\n<meta property=\"og:description\" content=\"[vc_row type=&#8221;2&#8243; full_width_row=&#8221;true&#8221; bg_color=&#8221;#f6f6f6&#8243; css=&#8221;.vc_custom_1473264676419{background-color: #ffffff !important;}&#8221;][vc_column css=&#8221;.vc_custom_1473263674213{padding-top: 40px !important;}&#8221;][vc_column_text el_class=&#8221;residencinas-in&#8221;] RESID\u00c8NCIA EL MANANTIAL [\/vc_column_text][\/vc_column][\/vc_row][vc_row type=&#8221;2&#8243; bg_color=&#8221;#f6f6f6&#8243; css=&#8221;.vc_custom_1625138271902{background-color: #a7dca7 !important;}&#8221;][vc_column][layerslider_vc id=&#8221;7&#8243;][\/vc_column][\/vc_row][vc_row type=&#8221;2&#8243; full_width_row=&#8221;true&#8221; bg_color=&#8221;#f6f6f6&#8243; css=&#8221;.vc_custom_1473264714105{background-color: #8edede !important;}&#8221;][vc_column][vc_row_inner el_class=&#8221;info-residencia&#8221;][vc_column_inner width=&#8221;1\/4&#8243;][vc_column_text css=&#8221;.vc_custom_1479748560975{margin-bottom: 5px !important;}&#8221;] Nombre de Places [\/vc_column_text][vc_column_text el_class=&#8221;margin-left-1&#8243;]Plazas residenciales: 56 13 p\u00fablicas &#8211; 43 privadas Plazas centro de d\u00eda: 20 5 p\u00fablicas &#8211; 15 privadas[\/vc_column_text][\/vc_column_inner][vc_column_inner width=&#8221;1\/4&#8243;][vc_column_text&hellip;\" \/>\n<meta property=\"og:url\" content=\"https:\/\/www.arsad.es\/ca\/residencia-el-manantial\/\" \/>\n<meta property=\"og:site_name\" content=\"ARSAD\" \/>\n<meta property=\"article:modified_time\" content=\"2022-03-24T17:47:45+00:00\" \/>\n<meta name=\"twitter:card\" content=\"summary_large_image\" \/>\n<meta name=\"twitter:label1\" content=\"Temps estimat de lectura\" \/>\n\t<meta name=\"twitter:data1\" content=\"2 minuts\" \/>\n<script type=\"application\/ld+json\" class=\"yoast-schema-graph\">{\"@context\":\"https:\/\/schema.org\",\"@graph\":[{\"@type\":\"WebPage\",\"@id\":\"https:\/\/www.arsad.es\/ca\/residencia-el-manantial\/\",\"url\":\"https:\/\/www.arsad.es\/ca\/residencia-el-manantial\/\",\"name\":\"Resid\u00e8ncia El Manantial - ARSAD\",\"isPartOf\":{\"@id\":\"https:\/\/www.arsad.es\/ca\/#website\"},\"datePublished\":\"2016-09-07T16:51:31+00:00\",\"dateModified\":\"2022-03-24T17:47:45+00:00\",\"breadcrumb\":{\"@id\":\"https:\/\/www.arsad.es\/ca\/residencia-el-manantial\/#breadcrumb\"},\"inLanguage\":\"ca\",\"potentialAction\":[{\"@type\":\"ReadAction\",\"target\":[\"https:\/\/www.arsad.es\/ca\/residencia-el-manantial\/\"]}]},{\"@type\":\"BreadcrumbList\",\"@id\":\"https:\/\/www.arsad.es\/ca\/residencia-el-manantial\/#breadcrumb\",\"itemListElement\":[{\"@type\":\"ListItem\",\"position\":1,\"name\":\"Portada\",\"item\":\"https:\/\/www.arsad.es\/ca\/\"},{\"@type\":\"ListItem\",\"position\":2,\"name\":\"Resid\u00e8ncia El Manantial\"}]},{\"@type\":\"WebSite\",\"@id\":\"https:\/\/www.arsad.es\/ca\/#website\",\"url\":\"https:\/\/www.arsad.es\/ca\/\",\"name\":\"ARSAD\",\"description\":\"Asociaci\u00f3n de Residencias y Servicios de Atenci\u00f3n a la Dependencia\",\"potentialAction\":[{\"@type\":\"SearchAction\",\"target\":{\"@type\":\"EntryPoint\",\"urlTemplate\":\"https:\/\/www.arsad.es\/ca\/?s={search_term_string}\"},\"query-input\":\"required name=search_term_string\"}],\"inLanguage\":\"ca\"}]}<\/script>\n<!-- \/ Yoast SEO plugin. -->","yoast_head_json":{"title":"Resid\u00e8ncia El Manantial - ARSAD","robots":{"index":"index","follow":"follow","max-snippet":"max-snippet:-1","max-image-preview":"max-image-preview:large","max-video-preview":"max-video-preview:-1"},"canonical":"https:\/\/www.arsad.es\/ca\/residencia-el-manantial\/","og_locale":"ca_ES","og_type":"article","og_title":"Resid\u00e8ncia El Manantial - ARSAD","og_description":"[vc_row type=&#8221;2&#8243; full_width_row=&#8221;true&#8221; bg_color=&#8221;#f6f6f6&#8243; css=&#8221;.vc_custom_1473264676419{background-color: #ffffff !important;}&#8221;][vc_column css=&#8221;.vc_custom_1473263674213{padding-top: 40px !important;}&#8221;][vc_column_text el_class=&#8221;residencinas-in&#8221;] RESID\u00c8NCIA EL MANANTIAL [\/vc_column_text][\/vc_column][\/vc_row][vc_row type=&#8221;2&#8243; bg_color=&#8221;#f6f6f6&#8243; css=&#8221;.vc_custom_1625138271902{background-color: #a7dca7 !important;}&#8221;][vc_column][layerslider_vc id=&#8221;7&#8243;][\/vc_column][\/vc_row][vc_row type=&#8221;2&#8243; full_width_row=&#8221;true&#8221; bg_color=&#8221;#f6f6f6&#8243; css=&#8221;.vc_custom_1473264714105{background-color: #8edede !important;}&#8221;][vc_column][vc_row_inner el_class=&#8221;info-residencia&#8221;][vc_column_inner width=&#8221;1\/4&#8243;][vc_column_text css=&#8221;.vc_custom_1479748560975{margin-bottom: 5px !important;}&#8221;] Nombre de Places [\/vc_column_text][vc_column_text el_class=&#8221;margin-left-1&#8243;]Plazas residenciales: 56 13 p\u00fablicas &#8211; 43 privadas Plazas centro de d\u00eda: 20 5 p\u00fablicas &#8211; 15 privadas[\/vc_column_text][\/vc_column_inner][vc_column_inner width=&#8221;1\/4&#8243;][vc_column_text&hellip;","og_url":"https:\/\/www.arsad.es\/ca\/residencia-el-manantial\/","og_site_name":"ARSAD","article_modified_time":"2022-03-24T17:47:45+00:00","twitter_card":"summary_large_image","twitter_misc":{"Temps estimat de lectura":"2 minuts"},"schema":{"@context":"https:\/\/schema.org","@graph":[{"@type":"WebPage","@id":"https:\/\/www.arsad.es\/ca\/residencia-el-manantial\/","url":"https:\/\/www.arsad.es\/ca\/residencia-el-manantial\/","name":"Resid\u00e8ncia El Manantial - ARSAD","isPartOf":{"@id":"https:\/\/www.arsad.es\/ca\/#website"},"datePublished":"2016-09-07T16:51:31+00:00","dateModified":"2022-03-24T17:47:45+00:00","breadcrumb":{"@id":"https:\/\/www.arsad.es\/ca\/residencia-el-manantial\/#breadcrumb"},"inLanguage":"ca","potentialAction":[{"@type":"ReadAction","target":["https:\/\/www.arsad.es\/ca\/residencia-el-manantial\/"]}]},{"@type":"BreadcrumbList","@id":"https:\/\/www.arsad.es\/ca\/residencia-el-manantial\/#breadcrumb","itemListElement":[{"@type":"ListItem","position":1,"name":"Portada","item":"https:\/\/www.arsad.es\/ca\/"},{"@type":"ListItem","position":2,"name":"Resid\u00e8ncia El Manantial"}]},{"@type":"WebSite","@id":"https:\/\/www.arsad.es\/ca\/#website","url":"https:\/\/www.arsad.es\/ca\/","name":"ARSAD","description":"Asociaci\u00f3n de Residencias y Servicios de Atenci\u00f3n a la Dependencia","potentialAction":[{"@type":"SearchAction","target":{"@type":"EntryPoint","urlTemplate":"https:\/\/www.arsad.es\/ca\/?s={search_term_string}"},"query-input":"required name=search_term_string"}],"inLanguage":"ca"}]}},"_links":{"self":[{"href":"https:\/\/www.arsad.es\/ca\/wp-json\/wp\/v2\/pages\/1015"}],"collection":[{"href":"https:\/\/www.arsad.es\/ca\/wp-json\/wp\/v2\/pages"}],"about":[{"href":"https:\/\/www.arsad.es\/ca\/wp-json\/wp\/v2\/types\/page"}],"author":[{"embeddable":true,"href":"https:\/\/www.arsad.es\/ca\/wp-json\/wp\/v2\/users\/1"}],"replies":[{"embeddable":true,"href":"https:\/\/www.arsad.es\/ca\/wp-json\/wp\/v2\/comments?post=1015"}],"version-history":[{"count":9,"href":"https:\/\/www.arsad.es\/ca\/wp-json\/wp\/v2\/pages\/1015\/revisions"}],"predecessor-version":[{"id":1487,"href":"https:\/\/www.arsad.es\/ca\/wp-json\/wp\/v2\/pages\/1015\/revisions\/1487"}],"wp:attachment":[{"href":"https:\/\/www.arsad.es\/ca\/wp-json\/wp\/v2\/media?parent=1015"}],"curies":[{"name":"wp","href":"https:\/\/api.w.org\/{rel}","templated":true}]}}